{"id":6716,"date":"2025-02-19T21:35:00","date_gmt":"2025-02-19T21:35:00","guid":{"rendered":"https:\/\/graboestilord.com\/?post_type=product&#038;p=6716"},"modified":"2026-04-23T21:27:36","modified_gmt":"2026-04-23T21:27:36","slug":"paraguas-panan","status":"publish","type":"product","link":"https:\/\/graboestilord.com\/index.php\/product\/paraguas-panan\/","title":{"rendered":"Paraguas Panan"},"content":{"rendered":"<p>Paraguas de 8 paneles tama\u00f1o XL -130cm di\u00e1metro- con sistema antiviento. Apertura autom\u00e1tica, en resistente poli\u00e9ster y con varillas de fibra en color negro. Con mango acolchado de EVA y cierre de velcro. Disponible en extensa gama de colores.<\/p>\n<p>30&#8243;. Autom\u00e1tico. Sistema Antiviento. Mango EVA<\/p>\n<p>Poli\u00e9ster 190T. Varillas Fibra de Vidrio<\/p>\n","protected":false},"excerpt":{"rendered":"<p>6105<\/p>\n<p>Paraguas de 8 paneles tama\u00f1o XL -130cm di\u00e1metro- con sistema antiviento. Apertura autom\u00e1tica, en resistente poli\u00e9ster y con varillas de fibra en color negro. Con mango acolchado de EVA y cierre de velcro. Disponible en extensa gama de colores.<\/p>\n<p>30&#8243;. Autom\u00e1tico. Sistema Antiviento. Mango EVA<\/p>\n<p>Poli\u00e9ster 190T. Varillas Fibra de Vidrio<\/p>\n","protected":false},"featured_media":6727,"template":"","meta":{"_acf_changed":false,"_monsterinsights_skip_tracking":false,"_monsterinsights_sitenote_active":false,"_monsterinsights_sitenote_note":"","_monsterinsights_sitenote_category":0,"_uf_show_specific_survey":0,"_uf_disable_surveys":false,"site-sidebar-layout":"default","site-content-layout":"","ast-site-content-layout":"default","site-content-style":"default","site-sidebar-style":"default","ast-global-header-display":"","ast-banner-title-visibility":"","ast-main-header-display":"","ast-hfb-above-header-display":"","ast-hfb-below-header-display":"","ast-hfb-mobile-header-display":"","site-post-title":"","ast-breadcrumbs-content":"","ast-featured-img":"","footer-sml-layout":"","ast-disable-related-posts":"","theme-transparent-header-meta":"default","adv-header-id-meta":"","stick-header-meta":"","header-above-stick-meta":"","header-main-stick-meta":"","header-below-stick-meta":"","astra-migrate-meta-layouts":"set","ast-page-background-enabled":"default","ast-page-background-meta":{"desktop":{"background-color":"var(--ast-global-color-4)","background-image":"","background-repeat":"repeat","background-position":"center center","background-size":"auto","background-attachment":"scroll","background-type":"","background-media":"","overlay-type":"","overlay-color":"","overlay-opacity":"","overlay-gradient":""},"tablet":{"background-color":"","background-image":"","background-repeat":"repeat","background-position":"center center","background-size":"auto","background-attachment":"scroll","background-type":"","background-media":"","overlay-type":"","overlay-color":"","overlay-opacity":"","overlay-gradient":""},"mobile":{"background-color":"","background-image":"","background-repeat":"repeat","background-position":"center center","background-size":"auto","background-attachment":"scroll","background-type":"","background-media":"","overlay-type":"","overlay-color":"","overlay-opacity":"","overlay-gradient":""}},"ast-content-background-meta":{"desktop":{"background-color":"var(--ast-global-color-5)","background-image":"","background-repeat":"repeat","background-position":"center center","background-size":"auto","background-attachment":"scroll","background-type":"","background-media":"","overlay-type":"","overlay-color":"","overlay-opacity":"","overlay-gradient":""},"tablet":{"background-color":"var(--ast-global-color-5)","background-image":"","background-repeat":"repeat","background-position":"center center","background-size":"auto","background-attachment":"scroll","background-type":"","background-media":"","overlay-type":"","overlay-color":"","overlay-opacity":"","overlay-gradient":""},"mobile":{"background-color":"var(--ast-global-color-5)","background-image":"","background-repeat":"repeat","background-position":"center center","background-size":"auto","background-attachment":"scroll","background-type":"","background-media":"","overlay-type":"","overlay-color":"","overlay-opacity":"","overlay-gradient":""}},"_joinchat":[]},"product_brand":[],"product_cat":[18],"product_tag":[],"class_list":{"0":"post-6716","1":"product","2":"type-product","3":"status-publish","4":"has-post-thumbnail","6":"product_cat-uncategorized","7":"desktop-align-center","8":"tablet-align-center","9":"mobile-align-left","11":"first","12":"instock","13":"shipping-taxable","14":"purchasable","15":"product-type-variable"},"acf":[],"aioseo_notices":[],"_links":{"self":[{"href":"https:\/\/graboestilord.com\/index.php\/wp-json\/wp\/v2\/product\/6716","targetHints":{"allow":["GET"]}}],"collection":[{"href":"https:\/\/graboestilord.com\/index.php\/wp-json\/wp\/v2\/product"}],"about":[{"href":"https:\/\/graboestilord.com\/index.php\/wp-json\/wp\/v2\/types\/product"}],"version-history":[{"count":1,"href":"https:\/\/graboestilord.com\/index.php\/wp-json\/wp\/v2\/product\/6716\/revisions"}],"predecessor-version":[{"id":6732,"href":"https:\/\/graboestilord.com\/index.php\/wp-json\/wp\/v2\/product\/6716\/revisions\/6732"}],"wp:featuredmedia":[{"embeddable":true,"href":"https:\/\/graboestilord.com\/index.php\/wp-json\/wp\/v2\/media\/6727"}],"wp:attachment":[{"href":"https:\/\/graboestilord.com\/index.php\/wp-json\/wp\/v2\/media?parent=6716"}],"wp:term":[{"taxonomy":"product_brand","embeddable":true,"href":"https:\/\/graboestilord.com\/index.php\/wp-json\/wp\/v2\/product_brand?post=6716"},{"taxonomy":"product_cat","embeddable":true,"href":"https:\/\/graboestilord.com\/index.php\/wp-json\/wp\/v2\/product_cat?post=6716"},{"taxonomy":"product_tag","embeddable":true,"href":"https:\/\/graboestilord.com\/index.php\/wp-json\/wp\/v2\/product_tag?post=6716"}],"curies":[{"name":"wp","href":"https:\/\/api.w.org\/{rel}","templated":true}]}}