{"id":6636,"date":"2025-02-14T20:37:03","date_gmt":"2025-02-14T20:37:03","guid":{"rendered":"https:\/\/graboestilord.com\/?post_type=product&#038;p=6636"},"modified":"2026-04-23T21:29:12","modified_gmt":"2026-04-23T21:29:12","slug":"power-bank-blaus","status":"publish","type":"product","link":"https:\/\/graboestilord.com\/index.php\/product\/power-bank-blaus\/","title":{"rendered":"MK-POWER BANK BLAUS PLATEADO"},"content":{"rendered":"<p>Bater\u00eda auxiliar externa de 2.200 mAh, de dise\u00f1o plano y fabricada en aluminio. Con salida USB y entrada Micro USB. Indicadores LED de estado de carga y cable de carga Micro USB incluido. Presentada en caja individual de dise\u00f1o kraft, con manual de instrucciones en espa\u00f1ol e ingl\u00e9s.<\/p>\n<p>Entrada micro USB: 5V DC 1A<br \/>\nSalida USB: 5V DC 1A<\/p>\n<p>Las capacidades mostradas en todas nuestras bater\u00edas auxiliares externas son reales, incorporando todas ellas bater\u00edas de grado A y no recicladas, con una vida \u00fatil de al menos 500 ciclos de carga y seg\u00fan normativa CE.<\/p>\n<p>Adem\u00e1s, est\u00e1n fabricadas conforme a los est\u00e1ndares RoHS y en cumplimiento con los siguientes requisitos de seguridad:<\/p>\n<p>Sistema de protecci\u00f3n contra sobrecarga del power bank.<br \/>\nSistema de protecci\u00f3n contra descarga completa que proporciona una mayor durabilidad del power bank.<br \/>\nSistema de bloqueo para evitar cortocircuitos.<br \/>\nSistema de transferencia de carga constante, acorde con la capacidad del dispositivo de destino.<\/p>\n<p>2200 mAh. Salida USB. Entrada Micro USB<\/p>\n<p>Aluminio<\/p>\n","protected":false},"excerpt":{"rendered":"<p>1361<\/p>\n<p>Bater\u00eda auxiliar externa de 2.200 mAh, de dise\u00f1o plano y fabricada en aluminio. Con salida USB y entrada Micro USB. Indicadores LED de estado de carga y cable de carga Micro USB incluido. Presentada en caja individual de dise\u00f1o kraft, con manual de instrucciones en espa\u00f1ol e ingl\u00e9s.<\/p>\n","protected":false},"featured_media":6637,"template":"","meta":{"_acf_changed":false,"_monsterinsights_skip_tracking":false,"_monsterinsights_sitenote_active":false,"_monsterinsights_sitenote_note":"","_monsterinsights_sitenote_category":0,"_uf_show_specific_survey":0,"_uf_disable_surveys":false,"site-sidebar-layout":"default","site-content-layout":"","ast-site-content-layout":"default","site-content-style":"default","site-sidebar-style":"default","ast-global-header-display":"","ast-banner-title-visibility":"","ast-main-header-display":"","ast-hfb-above-header-display":"","ast-hfb-below-header-display":"","ast-hfb-mobile-header-display":"","site-post-title":"","ast-breadcrumbs-content":"","ast-featured-img":"","footer-sml-layout":"","ast-disable-related-posts":"","theme-transparent-header-meta":"default","adv-header-id-meta":"","stick-header-meta":"","header-above-stick-meta":"","header-main-stick-meta":"","header-below-stick-meta":"","astra-migrate-meta-layouts":"set","ast-page-background-enabled":"default","ast-page-background-meta":{"desktop":{"background-color":"var(--ast-global-color-4)","background-image":"","background-repeat":"repeat","background-position":"center center","background-size":"auto","background-attachment":"scroll","background-type":"","background-media":"","overlay-type":"","overlay-color":"","overlay-opacity":"","overlay-gradient":""},"tablet":{"background-color":"","background-image":"","background-repeat":"repeat","background-position":"center center","background-size":"auto","background-attachment":"scroll","background-type":"","background-media":"","overlay-type":"","overlay-color":"","overlay-opacity":"","overlay-gradient":""},"mobile":{"background-color":"","background-image":"","background-repeat":"repeat","background-position":"center center","background-size":"auto","background-attachment":"scroll","background-type":"","background-media":"","overlay-type":"","overlay-color":"","overlay-opacity":"","overlay-gradient":""}},"ast-content-background-meta":{"desktop":{"background-color":"var(--ast-global-color-5)","background-image":"","background-repeat":"repeat","background-position":"center center","background-size":"auto","background-attachment":"scroll","background-type":"","background-media":"","overlay-type":"","overlay-color":"","overlay-opacity":"","overlay-gradient":""},"tablet":{"background-color":"var(--ast-global-color-5)","background-image":"","background-repeat":"repeat","background-position":"center center","background-size":"auto","background-attachment":"scroll","background-type":"","background-media":"","overlay-type":"","overlay-color":"","overlay-opacity":"","overlay-gradient":""},"mobile":{"background-color":"var(--ast-global-color-5)","background-image":"","background-repeat":"repeat","background-position":"center center","background-size":"auto","background-attachment":"scroll","background-type":"","background-media":"","overlay-type":"","overlay-color":"","overlay-opacity":"","overlay-gradient":""}},"_joinchat":[]},"product_brand":[],"product_cat":[18],"product_tag":[],"class_list":{"0":"post-6636","1":"product","2":"type-product","3":"status-publish","4":"has-post-thumbnail","6":"product_cat-uncategorized","7":"desktop-align-center","8":"tablet-align-center","9":"mobile-align-left","11":"first","12":"instock","13":"shipping-taxable","14":"purchasable","15":"product-type-simple"},"acf":[],"aioseo_notices":[],"_links":{"self":[{"href":"https:\/\/graboestilord.com\/index.php\/wp-json\/wp\/v2\/product\/6636","targetHints":{"allow":["GET"]}}],"collection":[{"href":"https:\/\/graboestilord.com\/index.php\/wp-json\/wp\/v2\/product"}],"about":[{"href":"https:\/\/graboestilord.com\/index.php\/wp-json\/wp\/v2\/types\/product"}],"version-history":[{"count":2,"href":"https:\/\/graboestilord.com\/index.php\/wp-json\/wp\/v2\/product\/6636\/revisions"}],"predecessor-version":[{"id":6972,"href":"https:\/\/graboestilord.com\/index.php\/wp-json\/wp\/v2\/product\/6636\/revisions\/6972"}],"wp:featuredmedia":[{"embeddable":true,"href":"https:\/\/graboestilord.com\/index.php\/wp-json\/wp\/v2\/media\/6637"}],"wp:attachment":[{"href":"https:\/\/graboestilord.com\/index.php\/wp-json\/wp\/v2\/media?parent=6636"}],"wp:term":[{"taxonomy":"product_brand","embeddable":true,"href":"https:\/\/graboestilord.com\/index.php\/wp-json\/wp\/v2\/product_brand?post=6636"},{"taxonomy":"product_cat","embeddable":true,"href":"https:\/\/graboestilord.com\/index.php\/wp-json\/wp\/v2\/product_cat?post=6636"},{"taxonomy":"product_tag","embeddable":true,"href":"https:\/\/graboestilord.com\/index.php\/wp-json\/wp\/v2\/product_tag?post=6636"}],"curies":[{"name":"wp","href":"https:\/\/api.w.org\/{rel}","templated":true}]}}