{"id":6555,"date":"2025-02-14T14:25:31","date_gmt":"2025-02-14T14:25:31","guid":{"rendered":"https:\/\/graboestilord.com\/?post_type=product&#038;p=6555"},"modified":"2026-04-23T21:27:45","modified_gmt":"2026-04-23T21:27:45","slug":"taza-termica-lansin","status":"publish","type":"product","link":"https:\/\/graboestilord.com\/index.php\/product\/taza-termica-lansin\/","title":{"rendered":"MK-TAZA TERMICA LANSIN PLATEADA"},"content":{"rendered":"<p>Jarra t\u00e9rmica de 1,2 L de capacidad. Fabricada en acero inoxidable e interior de PP en color negro. Libre de BPA. Con tapadera con sistema de cierre a presi\u00f3n con dosificador de f\u00e1cil apertura y pajita incluida. Asa de transporte ergon\u00f3mica para mayor comodidad. Es ideal para tener en tu escritorio, mesa o en cualquier superficie donde disfrutar tranquilamente de tu bebida favorita.<\/p>\n<p>El acero es uno de los materiales m\u00e1s demandados y que puede encontrarse casi en todas partes, desde productos de uso diario a grandes construcciones. Con innumerables propiedades, entre las que cabe destacar la durabilidad y su alto grado de reutilizaci\u00f3n, convirti\u00e9ndolo en una alternativa muy valorada en soluciones de sostenibilidad. Debidamente tratado, permite obtener nuevos recursos de infinita utilizaci\u00f3n.<\/p>\n<p>1,2 L<\/p>\n<p>Acero Inox\/ PP<\/p>\n","protected":false},"excerpt":{"rendered":"<p>21352<\/p>\n<p>Jarra t\u00e9rmica de 1,2 L de capacidad. Fabricada en acero inoxidable e interior de PP en color negro. Libre de BPA. Con tapadera con sistema de cierre a presi\u00f3n con dosificador de f\u00e1cil apertura y pajita incluida. Asa de transporte ergon\u00f3mica para mayor comodidad. Es ideal para tener en tu escritorio, mesa o en cualquier superficie donde disfrutar tranquilamente de tu bebida favorita.<\/p>\n","protected":false},"featured_media":6556,"template":"","meta":{"_acf_changed":false,"_monsterinsights_skip_tracking":false,"_monsterinsights_sitenote_active":false,"_monsterinsights_sitenote_note":"","_monsterinsights_sitenote_category":0,"_uf_show_specific_survey":0,"_uf_disable_surveys":false,"site-sidebar-layout":"default","site-content-layout":"","ast-site-content-layout":"default","site-content-style":"default","site-sidebar-style":"default","ast-global-header-display":"","ast-banner-title-visibility":"","ast-main-header-display":"","ast-hfb-above-header-display":"","ast-hfb-below-header-display":"","ast-hfb-mobile-header-display":"","site-post-title":"","ast-breadcrumbs-content":"","ast-featured-img":"","footer-sml-layout":"","ast-disable-related-posts":"","theme-transparent-header-meta":"default","adv-header-id-meta":"","stick-header-meta":"","header-above-stick-meta":"","header-main-stick-meta":"","header-below-stick-meta":"","astra-migrate-meta-layouts":"set","ast-page-background-enabled":"default","ast-page-background-meta":{"desktop":{"background-color":"var(--ast-global-color-4)","background-image":"","background-repeat":"repeat","background-position":"center center","background-size":"auto","background-attachment":"scroll","background-type":"","background-media":"","overlay-type":"","overlay-color":"","overlay-opacity":"","overlay-gradient":""},"tablet":{"background-color":"","background-image":"","background-repeat":"repeat","background-position":"center center","background-size":"auto","background-attachment":"scroll","background-type":"","background-media":"","overlay-type":"","overlay-color":"","overlay-opacity":"","overlay-gradient":""},"mobile":{"background-color":"","background-image":"","background-repeat":"repeat","background-position":"center center","background-size":"auto","background-attachment":"scroll","background-type":"","background-media":"","overlay-type":"","overlay-color":"","overlay-opacity":"","overlay-gradient":""}},"ast-content-background-meta":{"desktop":{"background-color":"var(--ast-global-color-5)","background-image":"","background-repeat":"repeat","background-position":"center center","background-size":"auto","background-attachment":"scroll","background-type":"","background-media":"","overlay-type":"","overlay-color":"","overlay-opacity":"","overlay-gradient":""},"tablet":{"background-color":"var(--ast-global-color-5)","background-image":"","background-repeat":"repeat","background-position":"center center","background-size":"auto","background-attachment":"scroll","background-type":"","background-media":"","overlay-type":"","overlay-color":"","overlay-opacity":"","overlay-gradient":""},"mobile":{"background-color":"var(--ast-global-color-5)","background-image":"","background-repeat":"repeat","background-position":"center center","background-size":"auto","background-attachment":"scroll","background-type":"","background-media":"","overlay-type":"","overlay-color":"","overlay-opacity":"","overlay-gradient":""}},"_joinchat":[]},"product_brand":[],"product_cat":[18],"product_tag":[],"class_list":{"0":"post-6555","1":"product","2":"type-product","3":"status-publish","4":"has-post-thumbnail","6":"product_cat-uncategorized","7":"desktop-align-center","8":"tablet-align-center","9":"mobile-align-left","11":"first","12":"instock","13":"shipping-taxable","14":"purchasable","15":"product-type-simple"},"acf":[],"aioseo_notices":[],"_links":{"self":[{"href":"https:\/\/graboestilord.com\/index.php\/wp-json\/wp\/v2\/product\/6555","targetHints":{"allow":["GET"]}}],"collection":[{"href":"https:\/\/graboestilord.com\/index.php\/wp-json\/wp\/v2\/product"}],"about":[{"href":"https:\/\/graboestilord.com\/index.php\/wp-json\/wp\/v2\/types\/product"}],"version-history":[{"count":2,"href":"https:\/\/graboestilord.com\/index.php\/wp-json\/wp\/v2\/product\/6555\/revisions"}],"predecessor-version":[{"id":7015,"href":"https:\/\/graboestilord.com\/index.php\/wp-json\/wp\/v2\/product\/6555\/revisions\/7015"}],"wp:featuredmedia":[{"embeddable":true,"href":"https:\/\/graboestilord.com\/index.php\/wp-json\/wp\/v2\/media\/6556"}],"wp:attachment":[{"href":"https:\/\/graboestilord.com\/index.php\/wp-json\/wp\/v2\/media?parent=6555"}],"wp:term":[{"taxonomy":"product_brand","embeddable":true,"href":"https:\/\/graboestilord.com\/index.php\/wp-json\/wp\/v2\/product_brand?post=6555"},{"taxonomy":"product_cat","embeddable":true,"href":"https:\/\/graboestilord.com\/index.php\/wp-json\/wp\/v2\/product_cat?post=6555"},{"taxonomy":"product_tag","embeddable":true,"href":"https:\/\/graboestilord.com\/index.php\/wp-json\/wp\/v2\/product_tag?post=6555"}],"curies":[{"name":"wp","href":"https:\/\/api.w.org\/{rel}","templated":true}]}}