{"id":6513,"date":"2025-02-13T21:35:08","date_gmt":"2025-02-13T21:35:08","guid":{"rendered":"https:\/\/graboestilord.com\/?post_type=product&#038;p=6513"},"modified":"2026-04-23T21:28:29","modified_gmt":"2026-04-23T21:28:29","slug":"bidon-termico-altavoz-meflex","status":"publish","type":"product","link":"https:\/\/graboestilord.com\/index.php\/product\/bidon-termico-altavoz-meflex\/","title":{"rendered":"Bid\u00f3n T\u00e9rmico Altavoz Meflex"},"content":{"rendered":"<p>Bid\u00f3n t\u00e9rmico con Altavoz Bluetooth\u00ae 5.3 de 3W integrado. Con 540 ml de capacidad y fabricado en acero inoxidable de doble pared, asegurando una durabilidad m\u00e1xima y un excelente mantenimiento de la temperatura de las bebidas, ya sean fr\u00edas o calientes. Con tapadera con sistema de cierre de rosca y libre de BPA. Cuenta con base antideslizante, a juego, que proporciona una mayor estabilidad. \u00a0 El altavoz Bluetooth integrado en la base del bid\u00f3n es f\u00e1cilmente extra\u00edble gracias a su sistema de rosca, e incluye iluminaci\u00f3n inteligente LED RGB, que se sincroniza al ritmo de la m\u00fasica, creando una experiencia visual y auditiva \u00fanica. Adem\u00e1s, la funci\u00f3n manos libres permite atender llamadas sin necesidad de dejar lo que se est\u00e1 haciendo.<\/p>\n<p>Luces Led Multicolor. 540 ml. Conexi\u00f3n Bluetooth. Potencia Sonido 3W. Bater\u00eda 300 mAh<\/p>\n<p>Acero Inox<\/p>\n","protected":false},"excerpt":{"rendered":"<p>21388<\/p>\n<p>Bid\u00f3n t\u00e9rmico con Altavoz Bluetooth\u00ae 5.3 de 3W integrado. Con 540 ml de capacidad y fabricado en acero inoxidable de doble pared, asegurando una durabilidad m\u00e1xima y un excelente mantenimiento de la temperatura de las bebidas, ya sean fr\u00edas o calientes. Con tapadera con sistema de cierre de rosca y libre de BPA. Cuenta con base antideslizante, a juego, que proporciona una mayor estabilidad. \u00a0 El altavoz Bluetooth integrado en la base del bid\u00f3n es f\u00e1cilmente extra\u00edble gracias a su sistema de rosca, e incluye iluminaci\u00f3n inteligente LED RGB, que se sincroniza al ritmo de la m\u00fasica, creando una experiencia visual y auditiva \u00fanica. Adem\u00e1s, la funci\u00f3n manos libres permite atender llamadas sin necesidad de dejar lo que se est\u00e1 haciendo.<\/p>\n<p>Luces Led Multicolor. 540 ml. Conexi\u00f3n Bluetooth. Potencia Sonido 3W. Bater\u00eda 300 mAh<\/p>\n<p>Acero Inox<\/p>\n","protected":false},"featured_media":6517,"template":"","meta":{"_acf_changed":false,"_monsterinsights_skip_tracking":false,"_monsterinsights_sitenote_active":false,"_monsterinsights_sitenote_note":"","_monsterinsights_sitenote_category":0,"_uf_show_specific_survey":0,"_uf_disable_surveys":false,"site-sidebar-layout":"default","site-content-layout":"","ast-site-content-layout":"default","site-content-style":"default","site-sidebar-style":"default","ast-global-header-display":"","ast-banner-title-visibility":"","ast-main-header-display":"","ast-hfb-above-header-display":"","ast-hfb-below-header-display":"","ast-hfb-mobile-header-display":"","site-post-title":"","ast-breadcrumbs-content":"","ast-featured-img":"","footer-sml-layout":"","ast-disable-related-posts":"","theme-transparent-header-meta":"default","adv-header-id-meta":"","stick-header-meta":"","header-above-stick-meta":"","header-main-stick-meta":"","header-below-stick-meta":"","astra-migrate-meta-layouts":"set","ast-page-background-enabled":"default","ast-page-background-meta":{"desktop":{"background-color":"var(--ast-global-color-4)","background-image":"","background-repeat":"repeat","background-position":"center center","background-size":"auto","background-attachment":"scroll","background-type":"","background-media":"","overlay-type":"","overlay-color":"","overlay-opacity":"","overlay-gradient":""},"tablet":{"background-color":"","background-image":"","background-repeat":"repeat","background-position":"center center","background-size":"auto","background-attachment":"scroll","background-type":"","background-media":"","overlay-type":"","overlay-color":"","overlay-opacity":"","overlay-gradient":""},"mobile":{"background-color":"","background-image":"","background-repeat":"repeat","background-position":"center center","background-size":"auto","background-attachment":"scroll","background-type":"","background-media":"","overlay-type":"","overlay-color":"","overlay-opacity":"","overlay-gradient":""}},"ast-content-background-meta":{"desktop":{"background-color":"var(--ast-global-color-5)","background-image":"","background-repeat":"repeat","background-position":"center center","background-size":"auto","background-attachment":"scroll","background-type":"","background-media":"","overlay-type":"","overlay-color":"","overlay-opacity":"","overlay-gradient":""},"tablet":{"background-color":"var(--ast-global-color-5)","background-image":"","background-repeat":"repeat","background-position":"center center","background-size":"auto","background-attachment":"scroll","background-type":"","background-media":"","overlay-type":"","overlay-color":"","overlay-opacity":"","overlay-gradient":""},"mobile":{"background-color":"var(--ast-global-color-5)","background-image":"","background-repeat":"repeat","background-position":"center center","background-size":"auto","background-attachment":"scroll","background-type":"","background-media":"","overlay-type":"","overlay-color":"","overlay-opacity":"","overlay-gradient":""}},"_joinchat":[]},"product_brand":[],"product_cat":[18],"product_tag":[],"class_list":{"0":"post-6513","1":"product","2":"type-product","3":"status-publish","4":"has-post-thumbnail","6":"product_cat-uncategorized","7":"desktop-align-center","8":"tablet-align-center","9":"mobile-align-left","11":"first","12":"instock","13":"shipping-taxable","14":"purchasable","15":"product-type-variable"},"acf":[],"aioseo_notices":[],"_links":{"self":[{"href":"https:\/\/graboestilord.com\/index.php\/wp-json\/wp\/v2\/product\/6513","targetHints":{"allow":["GET"]}}],"collection":[{"href":"https:\/\/graboestilord.com\/index.php\/wp-json\/wp\/v2\/product"}],"about":[{"href":"https:\/\/graboestilord.com\/index.php\/wp-json\/wp\/v2\/types\/product"}],"version-history":[{"count":1,"href":"https:\/\/graboestilord.com\/index.php\/wp-json\/wp\/v2\/product\/6513\/revisions"}],"predecessor-version":[{"id":6529,"href":"https:\/\/graboestilord.com\/index.php\/wp-json\/wp\/v2\/product\/6513\/revisions\/6529"}],"wp:featuredmedia":[{"embeddable":true,"href":"https:\/\/graboestilord.com\/index.php\/wp-json\/wp\/v2\/media\/6517"}],"wp:attachment":[{"href":"https:\/\/graboestilord.com\/index.php\/wp-json\/wp\/v2\/media?parent=6513"}],"wp:term":[{"taxonomy":"product_brand","embeddable":true,"href":"https:\/\/graboestilord.com\/index.php\/wp-json\/wp\/v2\/product_brand?post=6513"},{"taxonomy":"product_cat","embeddable":true,"href":"https:\/\/graboestilord.com\/index.php\/wp-json\/wp\/v2\/product_cat?post=6513"},{"taxonomy":"product_tag","embeddable":true,"href":"https:\/\/graboestilord.com\/index.php\/wp-json\/wp\/v2\/product_tag?post=6513"}],"curies":[{"name":"wp","href":"https:\/\/api.w.org\/{rel}","templated":true}]}}