{"id":6503,"date":"2025-02-13T21:29:00","date_gmt":"2025-02-13T21:29:00","guid":{"rendered":"https:\/\/graboestilord.com\/?post_type=product&#038;p=6503"},"modified":"2026-04-23T21:28:43","modified_gmt":"2026-04-23T21:28:43","slug":"jarra-termica-altavoz-tracir","status":"publish","type":"product","link":"https:\/\/graboestilord.com\/index.php\/product\/jarra-termica-altavoz-tracir\/","title":{"rendered":"MK-JARRA TERMICA ALTAVOZ TRACIR BLANCO"},"content":{"rendered":"<p>Taza t\u00e9rmica con Altavoz Bluetooth\u00ae 5.3 de 3W integrado. Con 1,25L de capacidad, asa ergon\u00f3mica y fabricado en acero inoxidable de doble pared, asegurando una durabilidad m\u00e1xima y un excelente mantenimiento de la temperatura de las bebidas, ya sean fr\u00edas o calientes. Es ideal para tener en tu escritorio, mesa o en cualquier superficie donde disfrutar tranquilamente de tu bebida favorita. La tapadera cuenta con un cierre a presi\u00f3n y un dosificador de f\u00e1cil apertura, libre de BPA, garantizando seguridad y facilidad de uso. Cuenta con base antideslizante, a juego, que proporciona una mayor estabilidad.<\/p>\n<p>El altavoz Bluetooth integrado en la base de la taza es f\u00e1cilmente extra\u00edble gracias a su sistema de rosca, e incluye iluminaci\u00f3n inteligente LED RGB, que se sincroniza al ritmo de la m\u00fasica, creando una experiencia visual y auditiva \u00fanica. Adem\u00e1s, la funci\u00f3n manos libres permite atender llamadas sin necesidad de dejar lo que se est\u00e1 haciendo.<\/p>\n<p>Luces Led Multicolor. 1,25 L. Conexi\u00f3n Bluetooth. Potencia Sonido 3W. Bater\u00eda 300 mAh<\/p>\n<p>Acero Inox<\/p>\n","protected":false},"excerpt":{"rendered":"<p>21349<\/p>\n<p>Taza t\u00e9rmica con Altavoz Bluetooth\u00ae 5.3 de 3W integrado. Con 1,25L de capacidad, asa ergon\u00f3mica y fabricado en acero inoxidable de doble pared, asegurando una durabilidad m\u00e1xima y un excelente mantenimiento de la temperatura de las bebidas, ya sean fr\u00edas o calientes. Es ideal para tener en tu escritorio, mesa o en cualquier superficie donde disfrutar tranquilamente de tu bebida favorita. La tapadera cuenta con un cierre a presi\u00f3n y un dosificador de f\u00e1cil apertura, libre de BPA, garantizando seguridad y facilidad de uso. Cuenta con base antideslizante, a juego, que proporciona una mayor estabilidad.<\/p>\n<p>El altavoz Bluetooth integrado en la base de la taza es f\u00e1cilmente extra\u00edble gracias a su sistema de rosca, e incluye iluminaci\u00f3n inteligente LED RGB, que se sincroniza al ritmo de la m\u00fasica, creando una experiencia visual y auditiva \u00fanica. Adem\u00e1s, la funci\u00f3n manos libres permite atender llamadas sin necesidad de dejar lo que se est\u00e1 haciendo.<\/p>\n<p>Luces Led Multicolor. 1,25 L. Conexi\u00f3n Bluetooth. Potencia Sonido 3W. Bater\u00eda 300 mAh<\/p>\n<p>Acero Inox<\/p>\n","protected":false},"featured_media":6504,"template":"","meta":{"_acf_changed":false,"_monsterinsights_skip_tracking":false,"_monsterinsights_sitenote_active":false,"_monsterinsights_sitenote_note":"","_monsterinsights_sitenote_category":0,"_uf_show_specific_survey":0,"_uf_disable_surveys":false,"site-sidebar-layout":"default","site-content-layout":"","ast-site-content-layout":"default","site-content-style":"default","site-sidebar-style":"default","ast-global-header-display":"","ast-banner-title-visibility":"","ast-main-header-display":"","ast-hfb-above-header-display":"","ast-hfb-below-header-display":"","ast-hfb-mobile-header-display":"","site-post-title":"","ast-breadcrumbs-content":"","ast-featured-img":"","footer-sml-layout":"","ast-disable-related-posts":"","theme-transparent-header-meta":"default","adv-header-id-meta":"","stick-header-meta":"","header-above-stick-meta":"","header-main-stick-meta":"","header-below-stick-meta":"","astra-migrate-meta-layouts":"set","ast-page-background-enabled":"default","ast-page-background-meta":{"desktop":{"background-color":"var(--ast-global-color-4)","background-image":"","background-repeat":"repeat","background-position":"center center","background-size":"auto","background-attachment":"scroll","background-type":"","background-media":"","overlay-type":"","overlay-color":"","overlay-opacity":"","overlay-gradient":""},"tablet":{"background-color":"","background-image":"","background-repeat":"repeat","background-position":"center center","background-size":"auto","background-attachment":"scroll","background-type":"","background-media":"","overlay-type":"","overlay-color":"","overlay-opacity":"","overlay-gradient":""},"mobile":{"background-color":"","background-image":"","background-repeat":"repeat","background-position":"center center","background-size":"auto","background-attachment":"scroll","background-type":"","background-media":"","overlay-type":"","overlay-color":"","overlay-opacity":"","overlay-gradient":""}},"ast-content-background-meta":{"desktop":{"background-color":"var(--ast-global-color-5)","background-image":"","background-repeat":"repeat","background-position":"center center","background-size":"auto","background-attachment":"scroll","background-type":"","background-media":"","overlay-type":"","overlay-color":"","overlay-opacity":"","overlay-gradient":""},"tablet":{"background-color":"var(--ast-global-color-5)","background-image":"","background-repeat":"repeat","background-position":"center center","background-size":"auto","background-attachment":"scroll","background-type":"","background-media":"","overlay-type":"","overlay-color":"","overlay-opacity":"","overlay-gradient":""},"mobile":{"background-color":"var(--ast-global-color-5)","background-image":"","background-repeat":"repeat","background-position":"center center","background-size":"auto","background-attachment":"scroll","background-type":"","background-media":"","overlay-type":"","overlay-color":"","overlay-opacity":"","overlay-gradient":""}},"_joinchat":[]},"product_brand":[],"product_cat":[18],"product_tag":[],"class_list":{"0":"post-6503","1":"product","2":"type-product","3":"status-publish","4":"has-post-thumbnail","6":"product_cat-uncategorized","7":"desktop-align-center","8":"tablet-align-center","9":"mobile-align-left","11":"first","12":"instock","13":"shipping-taxable","14":"purchasable","15":"product-type-simple"},"acf":[],"aioseo_notices":[],"_links":{"self":[{"href":"https:\/\/graboestilord.com\/index.php\/wp-json\/wp\/v2\/product\/6503","targetHints":{"allow":["GET"]}}],"collection":[{"href":"https:\/\/graboestilord.com\/index.php\/wp-json\/wp\/v2\/product"}],"about":[{"href":"https:\/\/graboestilord.com\/index.php\/wp-json\/wp\/v2\/types\/product"}],"version-history":[{"count":2,"href":"https:\/\/graboestilord.com\/index.php\/wp-json\/wp\/v2\/product\/6503\/revisions"}],"predecessor-version":[{"id":6923,"href":"https:\/\/graboestilord.com\/index.php\/wp-json\/wp\/v2\/product\/6503\/revisions\/6923"}],"wp:featuredmedia":[{"embeddable":true,"href":"https:\/\/graboestilord.com\/index.php\/wp-json\/wp\/v2\/media\/6504"}],"wp:attachment":[{"href":"https:\/\/graboestilord.com\/index.php\/wp-json\/wp\/v2\/media?parent=6503"}],"wp:term":[{"taxonomy":"product_brand","embeddable":true,"href":"https:\/\/graboestilord.com\/index.php\/wp-json\/wp\/v2\/product_brand?post=6503"},{"taxonomy":"product_cat","embeddable":true,"href":"https:\/\/graboestilord.com\/index.php\/wp-json\/wp\/v2\/product_cat?post=6503"},{"taxonomy":"product_tag","embeddable":true,"href":"https:\/\/graboestilord.com\/index.php\/wp-json\/wp\/v2\/product_tag?post=6503"}],"curies":[{"name":"wp","href":"https:\/\/api.w.org\/{rel}","templated":true}]}}