{"id":6455,"date":"2025-02-13T20:43:20","date_gmt":"2025-02-13T20:43:20","guid":{"rendered":"https:\/\/graboestilord.com\/?post_type=product&#038;p=6455"},"modified":"2026-04-28T14:08:31","modified_gmt":"2026-04-28T14:08:31","slug":"set-whisky-steger","status":"publish","type":"product","link":"https:\/\/graboestilord.com\/index.php\/product\/set-whisky-steger\/","title":{"rendered":"MK-SET WHISKY STEGER 2 VASOS 8 CUBITO 1 PINZA"},"content":{"rendered":"<p>Set de whisky en elegante estuche de bamb\u00fa con interior troquelado. Incluye 2 vasos de cristal de 320 ml, pinzas y 8 cubitos en piedra natural reutilizables, con funda de algod\u00f3n. Presentaci\u00f3n en caja individual de dise\u00f1o kraft.<\/p>\n<p>Los cubitos reutilizables est\u00e1n fabricados en piedra natural esteatita, tambi\u00e9n conocida como piedra o roca de jab\u00f3n, que mantiene la bebida fr\u00eda sin alterar sus propiedades al no diluir su contenido en agua, adem\u00e1s de mantener el sabor original de la misma.<\/p>\n<p>2 Vasos Cristal 320 ml. 8 Cubitos Piedra Natural Reutilizables. Pinza Acero Inox. Funda Algod\u00f3n<\/p>\n<p>Bamb\u00fa<\/p>\n","protected":false},"excerpt":{"rendered":"<p>1706<\/p>\n<p>Set de whisky en elegante estuche de bamb\u00fa con interior troquelado. Incluye 2 vasos de cristal de 320 ml, pinzas y 8 cubitos en piedra natural reutilizables, con funda de algod\u00f3n. Presentaci\u00f3n en caja individual de dise\u00f1o kraft.<\/p>\n<p>Los cubitos reutilizables est\u00e1n fabricados en piedra natural esteatita, tambi\u00e9n conocida como piedra o roca de jab\u00f3n, que mantiene la bebida fr\u00eda sin alterar sus propiedades al no diluir su contenido en agua, adem\u00e1s de mantener el sabor original de la misma.<\/p>\n<p>2 Vasos Cristal 320 ml. 8 Cubitos Piedra Natural Reutilizables. Pinza Acero Inox. Funda Algod\u00f3n<\/p>\n<p>Bamb\u00fa<\/p>\n","protected":false},"featured_media":6456,"template":"","meta":{"_acf_changed":false,"_monsterinsights_skip_tracking":false,"_monsterinsights_sitenote_active":false,"_monsterinsights_sitenote_note":"","_monsterinsights_sitenote_category":0,"_uf_show_specific_survey":0,"_uf_disable_surveys":false,"site-sidebar-layout":"default","site-content-layout":"","ast-site-content-layout":"default","site-content-style":"default","site-sidebar-style":"default","ast-global-header-display":"","ast-banner-title-visibility":"","ast-main-header-display":"","ast-hfb-above-header-display":"","ast-hfb-below-header-display":"","ast-hfb-mobile-header-display":"","site-post-title":"","ast-breadcrumbs-content":"","ast-featured-img":"","footer-sml-layout":"","ast-disable-related-posts":"","theme-transparent-header-meta":"default","adv-header-id-meta":"","stick-header-meta":"","header-above-stick-meta":"","header-main-stick-meta":"","header-below-stick-meta":"","astra-migrate-meta-layouts":"set","ast-page-background-enabled":"default","ast-page-background-meta":{"desktop":{"background-color":"var(--ast-global-color-4)","background-image":"","background-repeat":"repeat","background-position":"center center","background-size":"auto","background-attachment":"scroll","background-type":"","background-media":"","overlay-type":"","overlay-color":"","overlay-opacity":"","overlay-gradient":""},"tablet":{"background-color":"","background-image":"","background-repeat":"repeat","background-position":"center center","background-size":"auto","background-attachment":"scroll","background-type":"","background-media":"","overlay-type":"","overlay-color":"","overlay-opacity":"","overlay-gradient":""},"mobile":{"background-color":"","background-image":"","background-repeat":"repeat","background-position":"center center","background-size":"auto","background-attachment":"scroll","background-type":"","background-media":"","overlay-type":"","overlay-color":"","overlay-opacity":"","overlay-gradient":""}},"ast-content-background-meta":{"desktop":{"background-color":"var(--ast-global-color-5)","background-image":"","background-repeat":"repeat","background-position":"center center","background-size":"auto","background-attachment":"scroll","background-type":"","background-media":"","overlay-type":"","overlay-color":"","overlay-opacity":"","overlay-gradient":""},"tablet":{"background-color":"var(--ast-global-color-5)","background-image":"","background-repeat":"repeat","background-position":"center center","background-size":"auto","background-attachment":"scroll","background-type":"","background-media":"","overlay-type":"","overlay-color":"","overlay-opacity":"","overlay-gradient":""},"mobile":{"background-color":"var(--ast-global-color-5)","background-image":"","background-repeat":"repeat","background-position":"center center","background-size":"auto","background-attachment":"scroll","background-type":"","background-media":"","overlay-type":"","overlay-color":"","overlay-opacity":"","overlay-gradient":""}},"_joinchat":[]},"product_brand":[],"product_cat":[18],"product_tag":[],"class_list":{"0":"post-6455","1":"product","2":"type-product","3":"status-publish","4":"has-post-thumbnail","6":"product_cat-uncategorized","7":"desktop-align-center","8":"tablet-align-center","9":"mobile-align-left","11":"first","12":"instock","13":"shipping-taxable","14":"purchasable","15":"product-type-simple"},"acf":[],"aioseo_notices":[],"_links":{"self":[{"href":"https:\/\/graboestilord.com\/index.php\/wp-json\/wp\/v2\/product\/6455","targetHints":{"allow":["GET"]}}],"collection":[{"href":"https:\/\/graboestilord.com\/index.php\/wp-json\/wp\/v2\/product"}],"about":[{"href":"https:\/\/graboestilord.com\/index.php\/wp-json\/wp\/v2\/types\/product"}],"version-history":[{"count":2,"href":"https:\/\/graboestilord.com\/index.php\/wp-json\/wp\/v2\/product\/6455\/revisions"}],"predecessor-version":[{"id":7004,"href":"https:\/\/graboestilord.com\/index.php\/wp-json\/wp\/v2\/product\/6455\/revisions\/7004"}],"wp:featuredmedia":[{"embeddable":true,"href":"https:\/\/graboestilord.com\/index.php\/wp-json\/wp\/v2\/media\/6456"}],"wp:attachment":[{"href":"https:\/\/graboestilord.com\/index.php\/wp-json\/wp\/v2\/media?parent=6455"}],"wp:term":[{"taxonomy":"product_brand","embeddable":true,"href":"https:\/\/graboestilord.com\/index.php\/wp-json\/wp\/v2\/product_brand?post=6455"},{"taxonomy":"product_cat","embeddable":true,"href":"https:\/\/graboestilord.com\/index.php\/wp-json\/wp\/v2\/product_cat?post=6455"},{"taxonomy":"product_tag","embeddable":true,"href":"https:\/\/graboestilord.com\/index.php\/wp-json\/wp\/v2\/product_tag?post=6455"}],"curies":[{"name":"wp","href":"https:\/\/api.w.org\/{rel}","templated":true}]}}