{"id":6130,"date":"2025-01-27T16:56:53","date_gmt":"2025-01-27T16:56:53","guid":{"rendered":"https:\/\/graboestilord.com\/?post_type=product&#038;p=6130"},"modified":"2026-04-23T21:28:07","modified_gmt":"2026-04-23T21:28:07","slug":"set-hecan","status":"publish","type":"product","link":"https:\/\/graboestilord.com\/index.php\/product\/set-hecan\/","title":{"rendered":"MK-SET LIBRETA+BOLIGRAFO HECAN 9 X1\/2 X8 1\/2&#8243;"},"content":{"rendered":"<p>Set de libreta y bol\u00edgrafo en l\u00ednea nature. Incluye libreta de anillas con tapas r\u00edgidas en bamb\u00fa, con 80 hojas de disposici\u00f3n a una raya y dise\u00f1o eco. Bol\u00edgrafo de mecanismo pulsador, con cuerpo en bamb\u00fa y accesorios met\u00e1licos -cartucho jumbo y tinta negra-. Presentado en estuche de cart\u00f3n troquelado y dise\u00f1o eco.<\/p>\n<p>Libreta Portada R\u00edgida. 80 Hojas. Bol\u00edgrafo Carga Jumbo. Tinta Negra<\/p>\n<p>Bamb\u00fa<\/p>\n","protected":false},"excerpt":{"rendered":"<p>6396<\/p>\n<p>Set de libreta y bol\u00edgrafo en l\u00ednea nature. Incluye libreta de anillas con tapas r\u00edgidas en bamb\u00fa, con 80 hojas de disposici\u00f3n a una raya y dise\u00f1o eco. Bol\u00edgrafo de mecanismo pulsador, con cuerpo en bamb\u00fa y accesorios met\u00e1licos -cartucho jumbo y tinta negra-. Presentado en estuche de cart\u00f3n troquelado y dise\u00f1o eco.<\/p>\n<p>Libreta Portada R\u00edgida. 80 Hojas. Bol\u00edgrafo Carga Jumbo. Tinta Negra<\/p>\n<p>Bamb\u00fa<\/p>\n","protected":false},"featured_media":6131,"template":"","meta":{"_acf_changed":false,"_monsterinsights_skip_tracking":false,"_monsterinsights_sitenote_active":false,"_monsterinsights_sitenote_note":"","_monsterinsights_sitenote_category":0,"_uf_show_specific_survey":0,"_uf_disable_surveys":false,"site-sidebar-layout":"default","site-content-layout":"","ast-site-content-layout":"default","site-content-style":"default","site-sidebar-style":"default","ast-global-header-display":"","ast-banner-title-visibility":"","ast-main-header-display":"","ast-hfb-above-header-display":"","ast-hfb-below-header-display":"","ast-hfb-mobile-header-display":"","site-post-title":"","ast-breadcrumbs-content":"","ast-featured-img":"","footer-sml-layout":"","ast-disable-related-posts":"","theme-transparent-header-meta":"default","adv-header-id-meta":"","stick-header-meta":"","header-above-stick-meta":"","header-main-stick-meta":"","header-below-stick-meta":"","astra-migrate-meta-layouts":"set","ast-page-background-enabled":"default","ast-page-background-meta":{"desktop":{"background-color":"var(--ast-global-color-4)","background-image":"","background-repeat":"repeat","background-position":"center center","background-size":"auto","background-attachment":"scroll","background-type":"","background-media":"","overlay-type":"","overlay-color":"","overlay-opacity":"","overlay-gradient":""},"tablet":{"background-color":"","background-image":"","background-repeat":"repeat","background-position":"center center","background-size":"auto","background-attachment":"scroll","background-type":"","background-media":"","overlay-type":"","overlay-color":"","overlay-opacity":"","overlay-gradient":""},"mobile":{"background-color":"","background-image":"","background-repeat":"repeat","background-position":"center center","background-size":"auto","background-attachment":"scroll","background-type":"","background-media":"","overlay-type":"","overlay-color":"","overlay-opacity":"","overlay-gradient":""}},"ast-content-background-meta":{"desktop":{"background-color":"var(--ast-global-color-5)","background-image":"","background-repeat":"repeat","background-position":"center center","background-size":"auto","background-attachment":"scroll","background-type":"","background-media":"","overlay-type":"","overlay-color":"","overlay-opacity":"","overlay-gradient":""},"tablet":{"background-color":"var(--ast-global-color-5)","background-image":"","background-repeat":"repeat","background-position":"center center","background-size":"auto","background-attachment":"scroll","background-type":"","background-media":"","overlay-type":"","overlay-color":"","overlay-opacity":"","overlay-gradient":""},"mobile":{"background-color":"var(--ast-global-color-5)","background-image":"","background-repeat":"repeat","background-position":"center center","background-size":"auto","background-attachment":"scroll","background-type":"","background-media":"","overlay-type":"","overlay-color":"","overlay-opacity":"","overlay-gradient":""}},"_joinchat":[]},"product_brand":[],"product_cat":[18],"product_tag":[],"class_list":{"0":"post-6130","1":"product","2":"type-product","3":"status-publish","4":"has-post-thumbnail","6":"product_cat-uncategorized","7":"desktop-align-center","8":"tablet-align-center","9":"mobile-align-left","11":"first","12":"instock","13":"shipping-taxable","14":"purchasable","15":"product-type-simple"},"acf":[],"aioseo_notices":[],"_links":{"self":[{"href":"https:\/\/graboestilord.com\/index.php\/wp-json\/wp\/v2\/product\/6130","targetHints":{"allow":["GET"]}}],"collection":[{"href":"https:\/\/graboestilord.com\/index.php\/wp-json\/wp\/v2\/product"}],"about":[{"href":"https:\/\/graboestilord.com\/index.php\/wp-json\/wp\/v2\/types\/product"}],"version-history":[{"count":2,"href":"https:\/\/graboestilord.com\/index.php\/wp-json\/wp\/v2\/product\/6130\/revisions"}],"predecessor-version":[{"id":6992,"href":"https:\/\/graboestilord.com\/index.php\/wp-json\/wp\/v2\/product\/6130\/revisions\/6992"}],"wp:featuredmedia":[{"embeddable":true,"href":"https:\/\/graboestilord.com\/index.php\/wp-json\/wp\/v2\/media\/6131"}],"wp:attachment":[{"href":"https:\/\/graboestilord.com\/index.php\/wp-json\/wp\/v2\/media?parent=6130"}],"wp:term":[{"taxonomy":"product_brand","embeddable":true,"href":"https:\/\/graboestilord.com\/index.php\/wp-json\/wp\/v2\/product_brand?post=6130"},{"taxonomy":"product_cat","embeddable":true,"href":"https:\/\/graboestilord.com\/index.php\/wp-json\/wp\/v2\/product_cat?post=6130"},{"taxonomy":"product_tag","embeddable":true,"href":"https:\/\/graboestilord.com\/index.php\/wp-json\/wp\/v2\/product_tag?post=6130"}],"curies":[{"name":"wp","href":"https:\/\/api.w.org\/{rel}","templated":true}]}}