{"id":6097,"date":"2025-01-27T16:35:59","date_gmt":"2025-01-27T16:35:59","guid":{"rendered":"https:\/\/graboestilord.com\/?post_type=product&#038;p=6097"},"modified":"2026-04-23T21:29:13","modified_gmt":"2026-04-23T21:29:13","slug":"set-mirka","status":"publish","type":"product","link":"https:\/\/graboestilord.com\/index.php\/product\/set-mirka\/","title":{"rendered":"MK-SET MIRKA NEGRO"},"content":{"rendered":"<div class=\"ewa-rteLine\">Elegante set premium. Incluye:<\/div>\n<div class=\"ewa-rteLine\"><\/div>\n<div class=\"ewa-rteLine\">&#8211; Vaso t\u00e9rmico fabricado en acero inoxidable de doble pared con capacidad de 470 ml. Con un dosificador en tapadera, libre de BPA, sistema de apertura abre f\u00e1cil, banda de silicona a juego y base antideslizante.<\/div>\n<div class=\"ewa-rteLine\"><\/div>\n<div class=\"ewa-rteLine\">&#8211; Bloc de notas con tapas blandas fabricado en elegante PU color negro. Su dise\u00f1o combina texturas lisas y biseladas. Incluye marcap\u00e1ginas de tela con accesorio met\u00e1lico especial para marcaje en l\u00e1ser. Interior con 100 hojas en color crema, de disposici\u00f3n a una raya y bordes en negro.<\/div>\n<div class=\"ewa-rteLine\"><\/div>\n<div class=\"ewa-rteLine\">&#8211; Roller de acabado negro mate con detalles met\u00e1licos en color plata. De cuerpo biselado, con cierre de capucha, clip y tinta azul. Cuenta con c\u00f3modo agarre en metal pulido.<\/div>\n<p>Presentado en sosfisticado estuche individual de acabado mate, con interior troquelado para cada uno de los elementos del set.<\/p>\n<p>Vaso T\u00e9rmico Acero Inox, 470 ml. Bloc PU, Portada Flexible, 100 Hojas. Roller Aluminio<\/p>\n","protected":false},"excerpt":{"rendered":"<p>21396<\/p>\n<div class=\"ewa-rteLine\">Elegante set premium. Incluye:<\/div>\n<div class=\"ewa-rteLine\"><\/div>\n<div class=\"ewa-rteLine\">&#8211; Vaso t\u00e9rmico fabricado en acero inoxidable de doble pared con capacidad de 470 ml. Con un dosificador en tapadera, libre de BPA, sistema de apertura abre f\u00e1cil, banda de silicona a juego y base antideslizante.<\/div>\n<div class=\"ewa-rteLine\"><\/div>\n<div class=\"ewa-rteLine\">&#8211; Bloc de notas con tapas blandas fabricado en elegante PU color negro. Su dise\u00f1o combina texturas lisas y biseladas. Incluye marcap\u00e1ginas de tela con accesorio met\u00e1lico especial para marcaje en l\u00e1ser. Interior con 100 hojas en color crema, de disposici\u00f3n a una raya y bordes en negro.<\/div>\n<div class=\"ewa-rteLine\"><\/div>\n<div class=\"ewa-rteLine\">&#8211; Roller de acabado negro mate con detalles met\u00e1licos en color plata. De cuerpo biselado, con cierre de capucha, clip y tinta azul. Cuenta con c\u00f3modo agarre en metal pulido.<\/div>\n<p>&nbsp;<\/p>\n","protected":false},"featured_media":6098,"template":"","meta":{"_acf_changed":false,"_monsterinsights_skip_tracking":false,"_monsterinsights_sitenote_active":false,"_monsterinsights_sitenote_note":"","_monsterinsights_sitenote_category":0,"_uf_show_specific_survey":0,"_uf_disable_surveys":false,"site-sidebar-layout":"default","site-content-layout":"","ast-site-content-layout":"default","site-content-style":"default","site-sidebar-style":"default","ast-global-header-display":"","ast-banner-title-visibility":"","ast-main-header-display":"","ast-hfb-above-header-display":"","ast-hfb-below-header-display":"","ast-hfb-mobile-header-display":"","site-post-title":"","ast-breadcrumbs-content":"","ast-featured-img":"","footer-sml-layout":"","ast-disable-related-posts":"","theme-transparent-header-meta":"default","adv-header-id-meta":"","stick-header-meta":"","header-above-stick-meta":"","header-main-stick-meta":"","header-below-stick-meta":"","astra-migrate-meta-layouts":"set","ast-page-background-enabled":"default","ast-page-background-meta":{"desktop":{"background-color":"var(--ast-global-color-4)","background-image":"","background-repeat":"repeat","background-position":"center center","background-size":"auto","background-attachment":"scroll","background-type":"","background-media":"","overlay-type":"","overlay-color":"","overlay-opacity":"","overlay-gradient":""},"tablet":{"background-color":"","background-image":"","background-repeat":"repeat","background-position":"center center","background-size":"auto","background-attachment":"scroll","background-type":"","background-media":"","overlay-type":"","overlay-color":"","overlay-opacity":"","overlay-gradient":""},"mobile":{"background-color":"","background-image":"","background-repeat":"repeat","background-position":"center center","background-size":"auto","background-attachment":"scroll","background-type":"","background-media":"","overlay-type":"","overlay-color":"","overlay-opacity":"","overlay-gradient":""}},"ast-content-background-meta":{"desktop":{"background-color":"var(--ast-global-color-5)","background-image":"","background-repeat":"repeat","background-position":"center center","background-size":"auto","background-attachment":"scroll","background-type":"","background-media":"","overlay-type":"","overlay-color":"","overlay-opacity":"","overlay-gradient":""},"tablet":{"background-color":"var(--ast-global-color-5)","background-image":"","background-repeat":"repeat","background-position":"center center","background-size":"auto","background-attachment":"scroll","background-type":"","background-media":"","overlay-type":"","overlay-color":"","overlay-opacity":"","overlay-gradient":""},"mobile":{"background-color":"var(--ast-global-color-5)","background-image":"","background-repeat":"repeat","background-position":"center center","background-size":"auto","background-attachment":"scroll","background-type":"","background-media":"","overlay-type":"","overlay-color":"","overlay-opacity":"","overlay-gradient":""}},"_joinchat":[]},"product_brand":[],"product_cat":[18],"product_tag":[],"class_list":{"0":"post-6097","1":"product","2":"type-product","3":"status-publish","4":"has-post-thumbnail","6":"product_cat-uncategorized","7":"desktop-align-center","8":"tablet-align-center","9":"mobile-align-left","11":"first","12":"instock","13":"shipping-taxable","14":"purchasable","15":"product-type-simple"},"acf":[],"aioseo_notices":[],"_links":{"self":[{"href":"https:\/\/graboestilord.com\/index.php\/wp-json\/wp\/v2\/product\/6097","targetHints":{"allow":["GET"]}}],"collection":[{"href":"https:\/\/graboestilord.com\/index.php\/wp-json\/wp\/v2\/product"}],"about":[{"href":"https:\/\/graboestilord.com\/index.php\/wp-json\/wp\/v2\/types\/product"}],"version-history":[{"count":3,"href":"https:\/\/graboestilord.com\/index.php\/wp-json\/wp\/v2\/product\/6097\/revisions"}],"predecessor-version":[{"id":7148,"href":"https:\/\/graboestilord.com\/index.php\/wp-json\/wp\/v2\/product\/6097\/revisions\/7148"}],"wp:featuredmedia":[{"embeddable":true,"href":"https:\/\/graboestilord.com\/index.php\/wp-json\/wp\/v2\/media\/6098"}],"wp:attachment":[{"href":"https:\/\/graboestilord.com\/index.php\/wp-json\/wp\/v2\/media?parent=6097"}],"wp:term":[{"taxonomy":"product_brand","embeddable":true,"href":"https:\/\/graboestilord.com\/index.php\/wp-json\/wp\/v2\/product_brand?post=6097"},{"taxonomy":"product_cat","embeddable":true,"href":"https:\/\/graboestilord.com\/index.php\/wp-json\/wp\/v2\/product_cat?post=6097"},{"taxonomy":"product_tag","embeddable":true,"href":"https:\/\/graboestilord.com\/index.php\/wp-json\/wp\/v2\/product_tag?post=6097"}],"curies":[{"name":"wp","href":"https:\/\/api.w.org\/{rel}","templated":true}]}}