{"id":4359,"date":"2024-02-21T13:38:46","date_gmt":"2024-02-21T13:38:46","guid":{"rendered":"https:\/\/graboestilord.com\/index.php\/product\/zapato-spezial-negro-rojo\/"},"modified":"2024-08-09T03:34:11","modified_gmt":"2024-08-09T03:34:11","slug":"zapato-spezial-negro-rojo","status":"publish","type":"product","link":"https:\/\/graboestilord.com\/index.php\/product\/zapato-spezial-negro-rojo\/","title":{"rendered":"ZAPATO SPEZIAL NEGRO\/ROJO"},"content":{"rendered":"","protected":false},"excerpt":{"rendered":"<p>707001<\/p>\n<p>Normativa: EN ISO 20345:2011 SIP SRC.<\/p>\n<p>Puntera: de composite, resitente a 200J.<br \/>\nPlantilla Antiperforaci\u00f3n: en material textil, resistente a 1100 N.<br \/>\nCorte\/Empeine: Fly Knitting cloth. Menos costuras, mejor ajuste al pie. mayor flexibilidad y transpirabilidad.<br \/>\nSuela: Poliuretanto de doble densidad .<br \/>\nAbsorci\u00f3n de energ\u00eda en la zona del tac\u00f3n.<br \/>\nPropiedades antiest\u00e1ticas.<br \/>\nM\u00e1ximo nivel antideslizamiento: SRC.<\/p>\n<p>Tira posterior \u00fatil para la extracci\u00f3n del calzado, personalizada con la marca VPRO.<\/p>\n<p>&nbsp;<\/p>\n","protected":false},"featured_media":4406,"template":"","meta":{"_acf_changed":false,"_monsterinsights_skip_tracking":false,"_monsterinsights_sitenote_active":false,"_monsterinsights_sitenote_note":"","_monsterinsights_sitenote_category":0,"_uf_show_specific_survey":0,"_uf_disable_surveys":false,"site-sidebar-layout":"default","site-content-layout":"","ast-site-content-layout":"default","site-content-style":"default","site-sidebar-style":"default","ast-global-header-display":"","ast-banner-title-visibility":"","ast-main-header-display":"","ast-hfb-above-header-display":"","ast-hfb-below-header-display":"","ast-hfb-mobile-header-display":"","site-post-title":"","ast-breadcrumbs-content":"","ast-featured-img":"","footer-sml-layout":"","ast-disable-related-posts":"","theme-transparent-header-meta":"default","adv-header-id-meta":"","stick-header-meta":"","header-above-stick-meta":"","header-main-stick-meta":"","header-below-stick-meta":"","astra-migrate-meta-layouts":"set","ast-page-background-enabled":"default","ast-page-background-meta":{"desktop":{"background-color":"var(--ast-global-color-4)","background-image":"","background-repeat":"repeat","background-position":"center center","background-size":"auto","background-attachment":"scroll","background-type":"","background-media":"","overlay-type":"","overlay-color":"","overlay-opacity":"","overlay-gradient":""},"tablet":{"background-color":"","background-image":"","background-repeat":"repeat","background-position":"center center","background-size":"auto","background-attachment":"scroll","background-type":"","background-media":"","overlay-type":"","overlay-color":"","overlay-opacity":"","overlay-gradient":""},"mobile":{"background-color":"","background-image":"","background-repeat":"repeat","background-position":"center center","background-size":"auto","background-attachment":"scroll","background-type":"","background-media":"","overlay-type":"","overlay-color":"","overlay-opacity":"","overlay-gradient":""}},"ast-content-background-meta":{"desktop":{"background-color":"var(--ast-global-color-5)","background-image":"","background-repeat":"repeat","background-position":"center center","background-size":"auto","background-attachment":"scroll","background-type":"","background-media":"","overlay-type":"","overlay-color":"","overlay-opacity":"","overlay-gradient":""},"tablet":{"background-color":"var(--ast-global-color-5)","background-image":"","background-repeat":"repeat","background-position":"center center","background-size":"auto","background-attachment":"scroll","background-type":"","background-media":"","overlay-type":"","overlay-color":"","overlay-opacity":"","overlay-gradient":""},"mobile":{"background-color":"var(--ast-global-color-5)","background-image":"","background-repeat":"repeat","background-position":"center center","background-size":"auto","background-attachment":"scroll","background-type":"","background-media":"","overlay-type":"","overlay-color":"","overlay-opacity":"","overlay-gradient":""}},"_joinchat":[]},"product_brand":[],"product_cat":[48,36],"product_tag":[],"class_list":{"0":"post-4359","1":"product","2":"type-product","3":"status-publish","4":"has-post-thumbnail","6":"product_cat-uniformes-para-industria","7":"product_cat-velilla","8":"desktop-align-center","9":"tablet-align-center","10":"mobile-align-left","12":"first","13":"instock","14":"shipping-taxable","15":"product-type-simple"},"acf":[],"aioseo_notices":[],"_links":{"self":[{"href":"https:\/\/graboestilord.com\/index.php\/wp-json\/wp\/v2\/product\/4359","targetHints":{"allow":["GET"]}}],"collection":[{"href":"https:\/\/graboestilord.com\/index.php\/wp-json\/wp\/v2\/product"}],"about":[{"href":"https:\/\/graboestilord.com\/index.php\/wp-json\/wp\/v2\/types\/product"}],"version-history":[{"count":1,"href":"https:\/\/graboestilord.com\/index.php\/wp-json\/wp\/v2\/product\/4359\/revisions"}],"predecessor-version":[{"id":4408,"href":"https:\/\/graboestilord.com\/index.php\/wp-json\/wp\/v2\/product\/4359\/revisions\/4408"}],"wp:featuredmedia":[{"embeddable":true,"href":"https:\/\/graboestilord.com\/index.php\/wp-json\/wp\/v2\/media\/4406"}],"wp:attachment":[{"href":"https:\/\/graboestilord.com\/index.php\/wp-json\/wp\/v2\/media?parent=4359"}],"wp:term":[{"taxonomy":"product_brand","embeddable":true,"href":"https:\/\/graboestilord.com\/index.php\/wp-json\/wp\/v2\/product_brand?post=4359"},{"taxonomy":"product_cat","embeddable":true,"href":"https:\/\/graboestilord.com\/index.php\/wp-json\/wp\/v2\/product_cat?post=4359"},{"taxonomy":"product_tag","embeddable":true,"href":"https:\/\/graboestilord.com\/index.php\/wp-json\/wp\/v2\/product_tag?post=4359"}],"curies":[{"name":"wp","href":"https:\/\/api.w.org\/{rel}","templated":true}]}}