{"id":2304,"date":"2023-11-14T22:20:25","date_gmt":"2023-11-14T22:20:25","guid":{"rendered":"https:\/\/graboestilord.com\/?post_type=product&#038;p=2304"},"modified":"2025-04-07T13:49:52","modified_gmt":"2025-04-07T13:49:52","slug":"memoria-usb-vedun-16gb","status":"publish","type":"product","link":"https:\/\/graboestilord.com\/index.php\/product\/memoria-usb-vedun-16gb\/","title":{"rendered":"MK-MEMORIA USB VEDUN 16GB NATURAL ECOLOGICA"},"content":{"rendered":"","protected":false},"excerpt":{"rendered":"<p>Ref: 1308<\/p>\n<p>Memoria USB de l\u00ednea nature plegable, de 16GB de capacidad. Fabricada en madera, para as\u00ed fomentar la utilizaci\u00f3n de materiales naturales. Presentada en atractiva caja de dise\u00f1o eco.<\/p>\n","protected":false},"featured_media":2305,"template":"","meta":{"_acf_changed":false,"_monsterinsights_skip_tracking":false,"_monsterinsights_sitenote_active":false,"_monsterinsights_sitenote_note":"","_monsterinsights_sitenote_category":0,"_uf_show_specific_survey":0,"_uf_disable_surveys":false,"site-sidebar-layout":"default","site-content-layout":"","ast-site-content-layout":"default","site-content-style":"default","site-sidebar-style":"default","ast-global-header-display":"","ast-banner-title-visibility":"","ast-main-header-display":"","ast-hfb-above-header-display":"","ast-hfb-below-header-display":"","ast-hfb-mobile-header-display":"","site-post-title":"","ast-breadcrumbs-content":"","ast-featured-img":"","footer-sml-layout":"","ast-disable-related-posts":"","theme-transparent-header-meta":"default","adv-header-id-meta":"","stick-header-meta":"","header-above-stick-meta":"","header-main-stick-meta":"","header-below-stick-meta":"","astra-migrate-meta-layouts":"set","ast-page-background-enabled":"default","ast-page-background-meta":{"desktop":{"background-color":"var(--ast-global-color-4)","background-image":"","background-repeat":"repeat","background-position":"center center","background-size":"auto","background-attachment":"scroll","background-type":"","background-media":"","overlay-type":"","overlay-color":"","overlay-opacity":"","overlay-gradient":""},"tablet":{"background-color":"","background-image":"","background-repeat":"repeat","background-position":"center center","background-size":"auto","background-attachment":"scroll","background-type":"","background-media":"","overlay-type":"","overlay-color":"","overlay-opacity":"","overlay-gradient":""},"mobile":{"background-color":"","background-image":"","background-repeat":"repeat","background-position":"center center","background-size":"auto","background-attachment":"scroll","background-type":"","background-media":"","overlay-type":"","overlay-color":"","overlay-opacity":"","overlay-gradient":""}},"ast-content-background-meta":{"desktop":{"background-color":"var(--ast-global-color-5)","background-image":"","background-repeat":"repeat","background-position":"center center","background-size":"auto","background-attachment":"scroll","background-type":"","background-media":"","overlay-type":"","overlay-color":"","overlay-opacity":"","overlay-gradient":""},"tablet":{"background-color":"var(--ast-global-color-5)","background-image":"","background-repeat":"repeat","background-position":"center center","background-size":"auto","background-attachment":"scroll","background-type":"","background-media":"","overlay-type":"","overlay-color":"","overlay-opacity":"","overlay-gradient":""},"mobile":{"background-color":"var(--ast-global-color-5)","background-image":"","background-repeat":"repeat","background-position":"center center","background-size":"auto","background-attachment":"scroll","background-type":"","background-media":"","overlay-type":"","overlay-color":"","overlay-opacity":"","overlay-gradient":""}},"_joinchat":[]},"product_brand":[],"product_cat":[18],"product_tag":[],"class_list":{"0":"post-2304","1":"product","2":"type-product","3":"status-publish","4":"has-post-thumbnail","6":"product_cat-uncategorized","7":"desktop-align-center","8":"tablet-align-center","9":"mobile-align-left","11":"first","12":"instock","13":"shipping-taxable","14":"purchasable","15":"product-type-simple"},"acf":[],"aioseo_notices":[],"_links":{"self":[{"href":"https:\/\/graboestilord.com\/index.php\/wp-json\/wp\/v2\/product\/2304","targetHints":{"allow":["GET"]}}],"collection":[{"href":"https:\/\/graboestilord.com\/index.php\/wp-json\/wp\/v2\/product"}],"about":[{"href":"https:\/\/graboestilord.com\/index.php\/wp-json\/wp\/v2\/types\/product"}],"version-history":[{"count":1,"href":"https:\/\/graboestilord.com\/index.php\/wp-json\/wp\/v2\/product\/2304\/revisions"}],"predecessor-version":[{"id":6942,"href":"https:\/\/graboestilord.com\/index.php\/wp-json\/wp\/v2\/product\/2304\/revisions\/6942"}],"wp:featuredmedia":[{"embeddable":true,"href":"https:\/\/graboestilord.com\/index.php\/wp-json\/wp\/v2\/media\/2305"}],"wp:attachment":[{"href":"https:\/\/graboestilord.com\/index.php\/wp-json\/wp\/v2\/media?parent=2304"}],"wp:term":[{"taxonomy":"product_brand","embeddable":true,"href":"https:\/\/graboestilord.com\/index.php\/wp-json\/wp\/v2\/product_brand?post=2304"},{"taxonomy":"product_cat","embeddable":true,"href":"https:\/\/graboestilord.com\/index.php\/wp-json\/wp\/v2\/product_cat?post=2304"},{"taxonomy":"product_tag","embeddable":true,"href":"https:\/\/graboestilord.com\/index.php\/wp-json\/wp\/v2\/product_tag?post=2304"}],"curies":[{"name":"wp","href":"https:\/\/api.w.org\/{rel}","templated":true}]}}