{"id":223,"date":"2023-11-03T17:54:22","date_gmt":"2023-11-03T17:54:22","guid":{"rendered":"https:\/\/graboestilord.com\/?post_type=product&#038;p=223"},"modified":"2026-04-23T21:27:16","modified_gmt":"2026-04-23T21:27:16","slug":"pluma-paterson","status":"publish","type":"product","link":"https:\/\/graboestilord.com\/index.php\/product\/pluma-paterson\/","title":{"rendered":"PLUMA PATERSON"},"content":{"rendered":"<p>Bol\u00edgrafo ecol\u00f3gico fabricado en aluminio reciclado, cuyo origen radica en la reutilizaci\u00f3n casi infinita de uno de los materiales con mayor potencial de reciclabilidad, conservando sus propiedades originales.\u00a0Este factor lo convierte en un material ecol\u00f3gico de origen reciclado y f\u00e1cilmente reciclable.\u00a0Adem\u00e1s, los residuos obtenidos durante el proceso de reciclaje se pueden valorizar para obtener nuevos recursos reutilizables, consumiendo menos energ\u00eda en su fase de fabricaci\u00f3n, entre otros factores de sostenibilidad.\u00a0Mecanismo de pulsador, y disponible en amplia gama de colores metalizados, con accesorios cromados.\u00a0Clip met\u00e1lico, tinta azul y logo de aluminio reciclado en la parte superior del bol\u00edgrafo.\u00a0Certificaci\u00f3n GRS (Global Recycled Standard), que garantiza el origen reciclado del material utilizado para fabricar el producto.<\/p>\n","protected":false},"excerpt":{"rendered":"<p>Ref: 1484<br \/>\nBol\u00edgrafo ecol\u00f3gico fabricado en aluminio reciclado, cuyo origen radica en la reutilizaci\u00f3n casi infinita de uno de los materiales con mayor potencial de reciclabilidad, conservando sus propiedades originales.<\/p>\n","protected":false},"featured_media":229,"template":"","meta":{"_acf_changed":false,"_monsterinsights_skip_tracking":false,"_monsterinsights_sitenote_active":false,"_monsterinsights_sitenote_note":"","_monsterinsights_sitenote_category":0,"_uf_show_specific_survey":0,"_uf_disable_surveys":false,"site-sidebar-layout":"default","site-content-layout":"","ast-site-content-layout":"default","site-content-style":"default","site-sidebar-style":"default","ast-global-header-display":"","ast-banner-title-visibility":"","ast-main-header-display":"","ast-hfb-above-header-display":"","ast-hfb-below-header-display":"","ast-hfb-mobile-header-display":"","site-post-title":"","ast-breadcrumbs-content":"","ast-featured-img":"","footer-sml-layout":"","ast-disable-related-posts":"","theme-transparent-header-meta":"default","adv-header-id-meta":"","stick-header-meta":"","header-above-stick-meta":"","header-main-stick-meta":"","header-below-stick-meta":"","astra-migrate-meta-layouts":"set","ast-page-background-enabled":"default","ast-page-background-meta":{"desktop":{"background-color":"var(--ast-global-color-4)","background-image":"","background-repeat":"repeat","background-position":"center center","background-size":"auto","background-attachment":"scroll","background-type":"","background-media":"","overlay-type":"","overlay-color":"","overlay-opacity":"","overlay-gradient":""},"tablet":{"background-color":"","background-image":"","background-repeat":"repeat","background-position":"center center","background-size":"auto","background-attachment":"scroll","background-type":"","background-media":"","overlay-type":"","overlay-color":"","overlay-opacity":"","overlay-gradient":""},"mobile":{"background-color":"","background-image":"","background-repeat":"repeat","background-position":"center center","background-size":"auto","background-attachment":"scroll","background-type":"","background-media":"","overlay-type":"","overlay-color":"","overlay-opacity":"","overlay-gradient":""}},"ast-content-background-meta":{"desktop":{"background-color":"var(--ast-global-color-5)","background-image":"","background-repeat":"repeat","background-position":"center center","background-size":"auto","background-attachment":"scroll","background-type":"","background-media":"","overlay-type":"","overlay-color":"","overlay-opacity":"","overlay-gradient":""},"tablet":{"background-color":"var(--ast-global-color-5)","background-image":"","background-repeat":"repeat","background-position":"center center","background-size":"auto","background-attachment":"scroll","background-type":"","background-media":"","overlay-type":"","overlay-color":"","overlay-opacity":"","overlay-gradient":""},"mobile":{"background-color":"var(--ast-global-color-5)","background-image":"","background-repeat":"repeat","background-position":"center center","background-size":"auto","background-attachment":"scroll","background-type":"","background-media":"","overlay-type":"","overlay-color":"","overlay-opacity":"","overlay-gradient":""}},"_joinchat":[]},"product_brand":[],"product_cat":[30],"product_tag":[],"class_list":{"0":"post-223","1":"product","2":"type-product","3":"status-publish","4":"has-post-thumbnail","6":"product_cat-boligrafos","7":"desktop-align-center","8":"tablet-align-center","9":"mobile-align-left","11":"first","12":"instock","13":"shipping-taxable","14":"purchasable","15":"product-type-variable"},"acf":[],"aioseo_notices":[],"_links":{"self":[{"href":"https:\/\/graboestilord.com\/index.php\/wp-json\/wp\/v2\/product\/223","targetHints":{"allow":["GET"]}}],"collection":[{"href":"https:\/\/graboestilord.com\/index.php\/wp-json\/wp\/v2\/product"}],"about":[{"href":"https:\/\/graboestilord.com\/index.php\/wp-json\/wp\/v2\/types\/product"}],"version-history":[{"count":0,"href":"https:\/\/graboestilord.com\/index.php\/wp-json\/wp\/v2\/product\/223\/revisions"}],"wp:featuredmedia":[{"embeddable":true,"href":"https:\/\/graboestilord.com\/index.php\/wp-json\/wp\/v2\/media\/229"}],"wp:attachment":[{"href":"https:\/\/graboestilord.com\/index.php\/wp-json\/wp\/v2\/media?parent=223"}],"wp:term":[{"taxonomy":"product_brand","embeddable":true,"href":"https:\/\/graboestilord.com\/index.php\/wp-json\/wp\/v2\/product_brand?post=223"},{"taxonomy":"product_cat","embeddable":true,"href":"https:\/\/graboestilord.com\/index.php\/wp-json\/wp\/v2\/product_cat?post=223"},{"taxonomy":"product_tag","embeddable":true,"href":"https:\/\/graboestilord.com\/index.php\/wp-json\/wp\/v2\/product_tag?post=223"}],"curies":[{"name":"wp","href":"https:\/\/api.w.org\/{rel}","templated":true}]}}