{"id":1914,"date":"2023-11-10T20:17:51","date_gmt":"2023-11-10T20:17:51","guid":{"rendered":"https:\/\/graboestilord.com\/?post_type=product&#038;p=1914"},"modified":"2026-04-23T21:28:28","modified_gmt":"2026-04-23T21:28:28","slug":"agenda-versalles","status":"publish","type":"product","link":"https:\/\/graboestilord.com\/index.php\/product\/agenda-versalles\/","title":{"rendered":"AGENDA VERSALLES"},"content":{"rendered":"<p>Agenda de tama\u00f1o B5 acabada en resistente y suave polipiel con acolchado. Con cubiertas r\u00edgidas, disponible en variada gama de colores.<\/p>\n<p>Dise\u00f1o p\u00e1gina d\u00eda, con frase del d\u00eda y marcap\u00e1ginas de tela. En 8 idiomas: castellano, ingl\u00e9s, franc\u00e9s, italiano, portugu\u00e9s, gallego, euskera y catal\u00e1n.<\/p>\n<p>Fabricada con papel libre de cloro elemental (ECF), que reduce de manera dr\u00e1stica la contaminaci\u00f3n en el proceso de blanqueado de la pulpa del papel, consiguiendo una excelente calidad en el acabado final y, al mismo tiempo, garantizando el proceso de reciclado en m\u00faltiples ocasiones.<\/p>\n","protected":false},"excerpt":{"rendered":"<p>Ref: 2101<\/p>\n<p>Agenda de tama\u00f1o B5 acabada en resistente y suave polipiel con acolchado. Con cubiertas r\u00edgidas, disponible en variada gama de colores.<\/p>\n<p>Dise\u00f1o p\u00e1gina d\u00eda, con frase del d\u00eda y marcap\u00e1ginas de tela. En 8 idiomas: castellano, ingl\u00e9s, franc\u00e9s, italiano, portugu\u00e9s, gallego, euskera y catal\u00e1n.<\/p>\n","protected":false},"featured_media":1915,"template":"","meta":{"_acf_changed":false,"_monsterinsights_skip_tracking":false,"_monsterinsights_sitenote_active":false,"_monsterinsights_sitenote_note":"","_monsterinsights_sitenote_category":0,"_uf_show_specific_survey":0,"_uf_disable_surveys":false,"site-sidebar-layout":"default","site-content-layout":"","ast-site-content-layout":"default","site-content-style":"default","site-sidebar-style":"default","ast-global-header-display":"","ast-banner-title-visibility":"","ast-main-header-display":"","ast-hfb-above-header-display":"","ast-hfb-below-header-display":"","ast-hfb-mobile-header-display":"","site-post-title":"","ast-breadcrumbs-content":"","ast-featured-img":"","footer-sml-layout":"","ast-disable-related-posts":"","theme-transparent-header-meta":"default","adv-header-id-meta":"","stick-header-meta":"","header-above-stick-meta":"","header-main-stick-meta":"","header-below-stick-meta":"","astra-migrate-meta-layouts":"set","ast-page-background-enabled":"default","ast-page-background-meta":{"desktop":{"background-color":"var(--ast-global-color-4)","background-image":"","background-repeat":"repeat","background-position":"center center","background-size":"auto","background-attachment":"scroll","background-type":"","background-media":"","overlay-type":"","overlay-color":"","overlay-opacity":"","overlay-gradient":""},"tablet":{"background-color":"","background-image":"","background-repeat":"repeat","background-position":"center center","background-size":"auto","background-attachment":"scroll","background-type":"","background-media":"","overlay-type":"","overlay-color":"","overlay-opacity":"","overlay-gradient":""},"mobile":{"background-color":"","background-image":"","background-repeat":"repeat","background-position":"center center","background-size":"auto","background-attachment":"scroll","background-type":"","background-media":"","overlay-type":"","overlay-color":"","overlay-opacity":"","overlay-gradient":""}},"ast-content-background-meta":{"desktop":{"background-color":"var(--ast-global-color-5)","background-image":"","background-repeat":"repeat","background-position":"center center","background-size":"auto","background-attachment":"scroll","background-type":"","background-media":"","overlay-type":"","overlay-color":"","overlay-opacity":"","overlay-gradient":""},"tablet":{"background-color":"var(--ast-global-color-5)","background-image":"","background-repeat":"repeat","background-position":"center center","background-size":"auto","background-attachment":"scroll","background-type":"","background-media":"","overlay-type":"","overlay-color":"","overlay-opacity":"","overlay-gradient":""},"mobile":{"background-color":"var(--ast-global-color-5)","background-image":"","background-repeat":"repeat","background-position":"center center","background-size":"auto","background-attachment":"scroll","background-type":"","background-media":"","overlay-type":"","overlay-color":"","overlay-opacity":"","overlay-gradient":""}},"_joinchat":[]},"product_brand":[],"product_cat":[18],"product_tag":[],"class_list":{"0":"post-1914","1":"product","2":"type-product","3":"status-publish","4":"has-post-thumbnail","6":"product_cat-uncategorized","7":"desktop-align-center","8":"tablet-align-center","9":"mobile-align-left","11":"first","12":"instock","13":"shipping-taxable","14":"purchasable","15":"product-type-variable"},"acf":[],"aioseo_notices":[],"_links":{"self":[{"href":"https:\/\/graboestilord.com\/index.php\/wp-json\/wp\/v2\/product\/1914","targetHints":{"allow":["GET"]}}],"collection":[{"href":"https:\/\/graboestilord.com\/index.php\/wp-json\/wp\/v2\/product"}],"about":[{"href":"https:\/\/graboestilord.com\/index.php\/wp-json\/wp\/v2\/types\/product"}],"version-history":[{"count":0,"href":"https:\/\/graboestilord.com\/index.php\/wp-json\/wp\/v2\/product\/1914\/revisions"}],"wp:featuredmedia":[{"embeddable":true,"href":"https:\/\/graboestilord.com\/index.php\/wp-json\/wp\/v2\/media\/1915"}],"wp:attachment":[{"href":"https:\/\/graboestilord.com\/index.php\/wp-json\/wp\/v2\/media?parent=1914"}],"wp:term":[{"taxonomy":"product_brand","embeddable":true,"href":"https:\/\/graboestilord.com\/index.php\/wp-json\/wp\/v2\/product_brand?post=1914"},{"taxonomy":"product_cat","embeddable":true,"href":"https:\/\/graboestilord.com\/index.php\/wp-json\/wp\/v2\/product_cat?post=1914"},{"taxonomy":"product_tag","embeddable":true,"href":"https:\/\/graboestilord.com\/index.php\/wp-json\/wp\/v2\/product_tag?post=1914"}],"curies":[{"name":"wp","href":"https:\/\/api.w.org\/{rel}","templated":true}]}}