{"id":1877,"date":"2023-11-10T18:43:45","date_gmt":"2023-11-10T18:43:45","guid":{"rendered":"https:\/\/graboestilord.com\/?post_type=product&#038;p=1877"},"modified":"2026-03-25T13:46:53","modified_gmt":"2026-03-25T13:46:53","slug":"mochila-verbel","status":"publish","type":"product","link":"https:\/\/graboestilord.com\/index.php\/product\/mochila-verbel\/","title":{"rendered":"MOCHILA VERBEL"},"content":{"rendered":"","protected":false},"excerpt":{"rendered":"<p><span class=\"ProductNo DisplayBlock SmallTopMargin\">Ref: 5232<\/span><\/p>\n<div class=\"Observaciones\">Mochila confeccionada en poli\u00e9ster 600D. De dise\u00f1o urbano con pr\u00e1ctico bolsillo central acolchado, para port\u00e1til de hasta 15 pulgadas, y bolsillo frontal con cierre de cremallera a juego. C\u00f3modas asas ajustables a los hombros acolchados, como la espalda, para un mayor confort. Disponible en elegante gama de colores.<\/div>\n<div class=\"PrecioContainer\">\n<div id=\"CuadroPreciosIzquierda\"><\/div>\n<div id=\"CuadroBotonesDerecha\" class=\"BotonesBasket\"><\/div>\n<div class=\"ClearBoth\"><\/div>\n<\/div>\n<div class=\"MensajesInformacion\"><\/div>\n<div id=\"TablaVariantes\" class=\"DatosAcordeon ui-accordion ui-widget ui-helper-reset\" role=\"tablist\">\n<form id=\"FormularioVariantes\" class=\"ep-js tg3\" action=\"https:\/\/makito.es\/epages\/Makito.sf\/es_ES\/?ObjectID=48104&amp;ProductoAnadido=1\" method=\"post\" data-js=\"\">\n<div id=\"ui-id-1\" class=\"CabeceraAcordeon ui-accordion-header ui-corner-top ui-state-default ui-accordion-header-active ui-state-active ui-accordion-icons\" tabindex=\"0\" role=\"tab\" data-almacen=\"ALMACEN01\" aria-controls=\"ui-id-2\" aria-selected=\"true\" aria-expanded=\"true\"><\/div>\n<div tabindex=\"0\" role=\"tab\" data-almacen=\"ALMACEN01\" aria-controls=\"ui-id-2\" aria-selected=\"true\" aria-expanded=\"true\"><\/div>\n<\/form>\n<\/div>\n","protected":false},"featured_media":1881,"template":"","meta":{"_acf_changed":false,"_monsterinsights_skip_tracking":false,"_monsterinsights_sitenote_active":false,"_monsterinsights_sitenote_note":"","_monsterinsights_sitenote_category":0,"_uf_show_specific_survey":0,"_uf_disable_surveys":false,"site-sidebar-layout":"default","site-content-layout":"","ast-site-content-layout":"default","site-content-style":"default","site-sidebar-style":"default","ast-global-header-display":"","ast-banner-title-visibility":"","ast-main-header-display":"","ast-hfb-above-header-display":"","ast-hfb-below-header-display":"","ast-hfb-mobile-header-display":"","site-post-title":"","ast-breadcrumbs-content":"","ast-featured-img":"","footer-sml-layout":"","ast-disable-related-posts":"","theme-transparent-header-meta":"default","adv-header-id-meta":"","stick-header-meta":"","header-above-stick-meta":"","header-main-stick-meta":"","header-below-stick-meta":"","astra-migrate-meta-layouts":"set","ast-page-background-enabled":"default","ast-page-background-meta":{"desktop":{"background-color":"var(--ast-global-color-4)","background-image":"","background-repeat":"repeat","background-position":"center center","background-size":"auto","background-attachment":"scroll","background-type":"","background-media":"","overlay-type":"","overlay-color":"","overlay-opacity":"","overlay-gradient":""},"tablet":{"background-color":"","background-image":"","background-repeat":"repeat","background-position":"center center","background-size":"auto","background-attachment":"scroll","background-type":"","background-media":"","overlay-type":"","overlay-color":"","overlay-opacity":"","overlay-gradient":""},"mobile":{"background-color":"","background-image":"","background-repeat":"repeat","background-position":"center center","background-size":"auto","background-attachment":"scroll","background-type":"","background-media":"","overlay-type":"","overlay-color":"","overlay-opacity":"","overlay-gradient":""}},"ast-content-background-meta":{"desktop":{"background-color":"var(--ast-global-color-5)","background-image":"","background-repeat":"repeat","background-position":"center center","background-size":"auto","background-attachment":"scroll","background-type":"","background-media":"","overlay-type":"","overlay-color":"","overlay-opacity":"","overlay-gradient":""},"tablet":{"background-color":"var(--ast-global-color-5)","background-image":"","background-repeat":"repeat","background-position":"center center","background-size":"auto","background-attachment":"scroll","background-type":"","background-media":"","overlay-type":"","overlay-color":"","overlay-opacity":"","overlay-gradient":""},"mobile":{"background-color":"var(--ast-global-color-5)","background-image":"","background-repeat":"repeat","background-position":"center center","background-size":"auto","background-attachment":"scroll","background-type":"","background-media":"","overlay-type":"","overlay-color":"","overlay-opacity":"","overlay-gradient":""}},"_joinchat":[]},"product_brand":[],"product_cat":[18],"product_tag":[],"class_list":{"0":"post-1877","1":"product","2":"type-product","3":"status-publish","4":"has-post-thumbnail","6":"product_cat-uncategorized","7":"desktop-align-center","8":"tablet-align-center","9":"mobile-align-left","11":"first","12":"instock","13":"shipping-taxable","14":"purchasable","15":"product-type-variable"},"acf":[],"aioseo_notices":[],"_links":{"self":[{"href":"https:\/\/graboestilord.com\/index.php\/wp-json\/wp\/v2\/product\/1877","targetHints":{"allow":["GET"]}}],"collection":[{"href":"https:\/\/graboestilord.com\/index.php\/wp-json\/wp\/v2\/product"}],"about":[{"href":"https:\/\/graboestilord.com\/index.php\/wp-json\/wp\/v2\/types\/product"}],"version-history":[{"count":0,"href":"https:\/\/graboestilord.com\/index.php\/wp-json\/wp\/v2\/product\/1877\/revisions"}],"wp:featuredmedia":[{"embeddable":true,"href":"https:\/\/graboestilord.com\/index.php\/wp-json\/wp\/v2\/media\/1881"}],"wp:attachment":[{"href":"https:\/\/graboestilord.com\/index.php\/wp-json\/wp\/v2\/media?parent=1877"}],"wp:term":[{"taxonomy":"product_brand","embeddable":true,"href":"https:\/\/graboestilord.com\/index.php\/wp-json\/wp\/v2\/product_brand?post=1877"},{"taxonomy":"product_cat","embeddable":true,"href":"https:\/\/graboestilord.com\/index.php\/wp-json\/wp\/v2\/product_cat?post=1877"},{"taxonomy":"product_tag","embeddable":true,"href":"https:\/\/graboestilord.com\/index.php\/wp-json\/wp\/v2\/product_tag?post=1877"}],"curies":[{"name":"wp","href":"https:\/\/api.w.org\/{rel}","templated":true}]}}