{"id":5388,"date":"2024-09-04T16:55:35","date_gmt":"2024-09-04T16:55:35","guid":{"rendered":"https:\/\/graboestilord.com\/?page_id=5388"},"modified":"2025-01-15T20:38:32","modified_gmt":"2025-01-15T20:38:32","slug":"placas-y-trofeos","status":"publish","type":"page","link":"https:\/\/graboestilord.com\/index.php\/placas-y-trofeos\/","title":{"rendered":"Placas y Trofeos"},"content":{"rendered":"\t\t<div data-elementor-type=\"wp-page\" data-elementor-id=\"5388\" class=\"elementor elementor-5388\" data-elementor-post-type=\"page\">\n\t\t\t\t<div class=\"elementor-element elementor-element-ddc1a26 e-flex e-con-boxed e-con e-parent\" data-id=\"ddc1a26\" data-element_type=\"container\" data-e-type=\"container\">\n\t\t\t\t\t<div class=\"e-con-inner\">\n\t\t\t\t<div class=\"elementor-element elementor-element-5f39603 elementor-widget elementor-widget-heading\" data-id=\"5f39603\" data-element_type=\"widget\" data-e-type=\"widget\" data-widget_type=\"heading.default\">\n\t\t\t\t<div class=\"elementor-widget-container\">\n\t\t\t\t\t<h2 class=\"elementor-heading-title elementor-size-default\">Cat\u00e1logo de Placas, Trofeos y Emblemas Institucionales<\/h2>\t\t\t\t<\/div>\n\t\t\t\t<\/div>\n\t\t\t\t\t<\/div>\n\t\t\t\t<\/div>\n\t\t<div class=\"elementor-element elementor-element-5b63159 e-flex e-con-boxed e-con e-parent\" data-id=\"5b63159\" data-element_type=\"container\" data-e-type=\"container\">\n\t\t\t\t\t<div class=\"e-con-inner\">\n\t\t<div class=\"elementor-element elementor-element-d19e806 e-con-full e-flex e-con e-child\" data-id=\"d19e806\" data-element_type=\"container\" data-e-type=\"container\">\n\t\t\t\t<div class=\"elementor-element elementor-element-f3c31d8 elementor-widget elementor-widget-image\" data-id=\"f3c31d8\" data-element_type=\"widget\" data-e-type=\"widget\" data-widget_type=\"image.default\">\n\t\t\t\t<div class=\"elementor-widget-container\">\n\t\t\t\t\t\t\t\t\t\t\t\t\t\t\t<img fetchpriority=\"high\" decoding=\"async\" width=\"801\" height=\"1024\" src=\"https:\/\/graboestilord.com\/wp-content\/uploads\/2024\/09\/Catalogo-de-Placas-y-Trofeos-801x1024.png\" class=\"attachment-large size-large wp-image-5390\" alt=\"\" srcset=\"https:\/\/graboestilord.com\/wp-content\/uploads\/2024\/09\/Catalogo-de-Placas-y-Trofeos-801x1024.png 801w, https:\/\/graboestilord.com\/wp-content\/uploads\/2024\/09\/Catalogo-de-Placas-y-Trofeos-235x300.png 235w, https:\/\/graboestilord.com\/wp-content\/uploads\/2024\/09\/Catalogo-de-Placas-y-Trofeos-768x981.png 768w, https:\/\/graboestilord.com\/wp-content\/uploads\/2024\/09\/Catalogo-de-Placas-y-Trofeos-1202x1536.png 1202w, https:\/\/graboestilord.com\/wp-content\/uploads\/2024\/09\/Catalogo-de-Placas-y-Trofeos-1603x2048.png 1603w, https:\/\/graboestilord.com\/wp-content\/uploads\/2024\/09\/Catalogo-de-Placas-y-Trofeos-600x767.png 600w\" sizes=\"(max-width: 801px) 100vw, 801px\" \/>\t\t\t\t\t\t\t\t\t\t\t\t\t\t\t<\/div>\n\t\t\t\t<\/div>\n\t\t\t\t<div class=\"elementor-element elementor-element-6b89be7 elementor-widget elementor-widget-heading\" data-id=\"6b89be7\" data-element_type=\"widget\" data-e-type=\"widget\" data-widget_type=\"heading.default\">\n\t\t\t\t<div class=\"elementor-widget-container\">\n\t\t\t\t\t<h4 class=\"elementor-heading-title elementor-size-default\">Cat\u00e1logo de Placas y Trofeos<\/h4>\t\t\t\t<\/div>\n\t\t\t\t<\/div>\n\t\t\t\t<div class=\"elementor-element elementor-element-2713d1c elementor-align-center elementor-widget elementor-widget-button\" data-id=\"2713d1c\" data-element_type=\"widget\" data-e-type=\"widget\" data-widget_type=\"button.default\">\n\t\t\t\t<div class=\"elementor-widget-container\">\n\t\t\t\t\t\t\t\t\t<div class=\"elementor-button-wrapper\">\n\t\t\t\t\t<a class=\"elementor-button elementor-button-link elementor-size-sm\" href=\"https:\/\/graboestilord.com\/index.php\/san-valentin\/\" target=\"_blank\">\n\t\t\t\t\t\t<span class=\"elementor-button-content-wrapper\">\n\t\t\t\t\t\t\t\t\t<span class=\"elementor-button-text\">Ver Cat\u00e1logo<\/span>\n\t\t\t\t\t<\/span>\n\t\t\t\t\t<\/a>\n\t\t\t\t<\/div>\n\t\t\t\t\t\t\t\t<\/div>\n\t\t\t\t<\/div>\n\t\t\t\t<\/div>\n\t\t<div class=\"elementor-element elementor-element-2370442 e-con-full e-flex e-con e-child\" data-id=\"2370442\" data-element_type=\"container\" data-e-type=\"container\">\n\t\t\t\t<div class=\"elementor-element elementor-element-5cd0b22 elementor-widget elementor-widget-image\" data-id=\"5cd0b22\" data-element_type=\"widget\" data-e-type=\"widget\" data-widget_type=\"image.default\">\n\t\t\t\t<div class=\"elementor-widget-container\">\n\t\t\t\t\t\t\t\t\t\t\t\t\t\t\t<img decoding=\"async\" width=\"791\" height=\"1024\" src=\"https:\/\/graboestilord.com\/wp-content\/uploads\/2024\/02\/DISTINTIVOS-CORPORATIVOS-PARA-EMPRESAS-SEPT-2024-01-791x1024.png\" class=\"attachment-large size-large wp-image-4282\" alt=\"\" srcset=\"https:\/\/graboestilord.com\/wp-content\/uploads\/2024\/02\/DISTINTIVOS-CORPORATIVOS-PARA-EMPRESAS-SEPT-2024-01-791x1024.png 791w, https:\/\/graboestilord.com\/wp-content\/uploads\/2024\/02\/DISTINTIVOS-CORPORATIVOS-PARA-EMPRESAS-SEPT-2024-01-232x300.png 232w, https:\/\/graboestilord.com\/wp-content\/uploads\/2024\/02\/DISTINTIVOS-CORPORATIVOS-PARA-EMPRESAS-SEPT-2024-01-768x994.png 768w, https:\/\/graboestilord.com\/wp-content\/uploads\/2024\/02\/DISTINTIVOS-CORPORATIVOS-PARA-EMPRESAS-SEPT-2024-01-1187x1536.png 1187w, https:\/\/graboestilord.com\/wp-content\/uploads\/2024\/02\/DISTINTIVOS-CORPORATIVOS-PARA-EMPRESAS-SEPT-2024-01-1583x2048.png 1583w, https:\/\/graboestilord.com\/wp-content\/uploads\/2024\/02\/DISTINTIVOS-CORPORATIVOS-PARA-EMPRESAS-SEPT-2024-01-600x776.png 600w\" sizes=\"(max-width: 791px) 100vw, 791px\" \/>\t\t\t\t\t\t\t\t\t\t\t\t\t\t\t<\/div>\n\t\t\t\t<\/div>\n\t\t\t\t<div class=\"elementor-element elementor-element-bc4fc38 elementor-widget elementor-widget-heading\" data-id=\"bc4fc38\" data-element_type=\"widget\" data-e-type=\"widget\" data-widget_type=\"heading.default\">\n\t\t\t\t<div class=\"elementor-widget-container\">\n\t\t\t\t\t<h4 class=\"elementor-heading-title elementor-size-default\">Distintivos Corporativos<\/h4>\t\t\t\t<\/div>\n\t\t\t\t<\/div>\n\t\t\t\t<div class=\"elementor-element elementor-element-2fb94b9 elementor-align-center elementor-widget elementor-widget-button\" data-id=\"2fb94b9\" data-element_type=\"widget\" data-e-type=\"widget\" data-widget_type=\"button.default\">\n\t\t\t\t<div class=\"elementor-widget-container\">\n\t\t\t\t\t\t\t\t\t<div class=\"elementor-button-wrapper\">\n\t\t\t\t\t<a class=\"elementor-button elementor-button-link elementor-size-sm\" href=\"http:\/\/graboestilord.com\/wp-content\/uploads\/2024\/02\/2024-DISTINTIVOS.pdf\" target=\"_blank\">\n\t\t\t\t\t\t<span class=\"elementor-button-content-wrapper\">\n\t\t\t\t\t\t\t\t\t<span class=\"elementor-button-text\">Ver Cat\u00e1logo<\/span>\n\t\t\t\t\t<\/span>\n\t\t\t\t\t<\/a>\n\t\t\t\t<\/div>\n\t\t\t\t\t\t\t\t<\/div>\n\t\t\t\t<\/div>\n\t\t\t\t<\/div>\n\t\t\t\t\t<\/div>\n\t\t\t\t<\/div>\n\t\t\t\t<\/div>\n\t\t","protected":false},"excerpt":{"rendered":"<p>Cat\u00e1logo de Placas, Trofeos y Emblemas Institucionales Cat\u00e1logo de Placas y Trofeos Ver Cat\u00e1logo Distintivos Corporativos Ver Cat\u00e1logo<\/p>\n","protected":false},"author":1,"featured_media":0,"parent":0,"menu_order":0,"comment_status":"closed","ping_status":"closed","template":"","meta":{"_acf_changed":false,"_monsterinsights_skip_tracking":false,"_monsterinsights_sitenote_active":false,"_monsterinsights_sitenote_note":"","_monsterinsights_sitenote_category":0,"_uf_show_specific_survey":0,"_uf_disable_surveys":false,"site-sidebar-layout":"no-sidebar","site-content-layout":"","ast-site-content-layout":"full-width-container","site-content-style":"default","site-sidebar-style":"default","ast-global-header-display":"","ast-banner-title-visibility":"","ast-main-header-display":"","ast-hfb-above-header-display":"","ast-hfb-below-header-display":"","ast-hfb-mobile-header-display":"","site-post-title":"disabled","ast-breadcrumbs-content":"","ast-featured-img":"disabled","footer-sml-layout":"","ast-disable-related-posts":"","theme-transparent-header-meta":"","adv-header-id-meta":"","stick-header-meta":"","header-above-stick-meta":"","header-main-stick-meta":"","header-below-stick-meta":"","astra-migrate-meta-layouts":"default","ast-page-background-enabled":"default","ast-page-background-meta":{"desktop":{"background-color":"var(--ast-global-color-4)","background-image":"","background-repeat":"repeat","background-position":"center center","background-size":"auto","background-attachment":"scroll","background-type":"","background-media":"","overlay-type":"","overlay-color":"","overlay-opacity":"","overlay-gradient":""},"tablet":{"background-color":"","background-image":"","background-repeat":"repeat","background-position":"center center","background-size":"auto","background-attachment":"scroll","background-type":"","background-media":"","overlay-type":"","overlay-color":"","overlay-opacity":"","overlay-gradient":""},"mobile":{"background-color":"","background-image":"","background-repeat":"repeat","background-position":"center center","background-size":"auto","background-attachment":"scroll","background-type":"","background-media":"","overlay-type":"","overlay-color":"","overlay-opacity":"","overlay-gradient":""}},"ast-content-background-meta":{"desktop":{"background-color":"var(--ast-global-color-5)","background-image":"","background-repeat":"repeat","background-position":"center center","background-size":"auto","background-attachment":"scroll","background-type":"","background-media":"","overlay-type":"","overlay-color":"","overlay-opacity":"","overlay-gradient":""},"tablet":{"background-color":"var(--ast-global-color-5)","background-image":"","background-repeat":"repeat","background-position":"center center","background-size":"auto","background-attachment":"scroll","background-type":"","background-media":"","overlay-type":"","overlay-color":"","overlay-opacity":"","overlay-gradient":""},"mobile":{"background-color":"var(--ast-global-color-5)","background-image":"","background-repeat":"repeat","background-position":"center center","background-size":"auto","background-attachment":"scroll","background-type":"","background-media":"","overlay-type":"","overlay-color":"","overlay-opacity":"","overlay-gradient":""}},"_joinchat":[],"footnotes":""},"class_list":["post-5388","page","type-page","status-publish","hentry"],"acf":[],"aioseo_notices":[],"_links":{"self":[{"href":"https:\/\/graboestilord.com\/index.php\/wp-json\/wp\/v2\/pages\/5388","targetHints":{"allow":["GET"]}}],"collection":[{"href":"https:\/\/graboestilord.com\/index.php\/wp-json\/wp\/v2\/pages"}],"about":[{"href":"https:\/\/graboestilord.com\/index.php\/wp-json\/wp\/v2\/types\/page"}],"author":[{"embeddable":true,"href":"https:\/\/graboestilord.com\/index.php\/wp-json\/wp\/v2\/users\/1"}],"replies":[{"embeddable":true,"href":"https:\/\/graboestilord.com\/index.php\/wp-json\/wp\/v2\/comments?post=5388"}],"version-history":[{"count":16,"href":"https:\/\/graboestilord.com\/index.php\/wp-json\/wp\/v2\/pages\/5388\/revisions"}],"predecessor-version":[{"id":5837,"href":"https:\/\/graboestilord.com\/index.php\/wp-json\/wp\/v2\/pages\/5388\/revisions\/5837"}],"wp:attachment":[{"href":"https:\/\/graboestilord.com\/index.php\/wp-json\/wp\/v2\/media?parent=5388"}],"curies":[{"name":"wp","href":"https:\/\/api.w.org\/{rel}","templated":true}]}}