{"id":5363,"date":"2024-09-04T15:22:37","date_gmt":"2024-09-04T15:22:37","guid":{"rendered":"https:\/\/graboestilord.com\/?page_id=5363"},"modified":"2025-02-06T16:07:29","modified_gmt":"2025-02-06T16:07:29","slug":"ofertas-de-temporadas","status":"publish","type":"page","link":"https:\/\/graboestilord.com\/index.php\/ofertas-de-temporadas\/","title":{"rendered":"Ofertas de Temporadas"},"content":{"rendered":"\t\t<div data-elementor-type=\"wp-page\" data-elementor-id=\"5363\" class=\"elementor elementor-5363\" data-elementor-post-type=\"page\">\n\t\t\t\t<div class=\"elementor-element elementor-element-12d5d1e e-flex e-con-boxed e-con e-parent\" data-id=\"12d5d1e\" data-element_type=\"container\" data-e-type=\"container\">\n\t\t\t\t\t<div class=\"e-con-inner\">\n\t\t\t\t<div class=\"elementor-element elementor-element-39b66c8 elementor-widget elementor-widget-heading\" data-id=\"39b66c8\" data-element_type=\"widget\" data-e-type=\"widget\" data-widget_type=\"heading.default\">\n\t\t\t\t<div class=\"elementor-widget-container\">\n\t\t\t\t\t<h2 class=\"elementor-heading-title elementor-size-default\">CAT\u00c1LOGOS DE Ofertas de Temporada<\/h2>\t\t\t\t<\/div>\n\t\t\t\t<\/div>\n\t\t\t\t\t<\/div>\n\t\t\t\t<\/div>\n\t\t<div class=\"elementor-element elementor-element-7250f8a e-flex e-con-boxed e-con e-parent\" data-id=\"7250f8a\" data-element_type=\"container\" data-e-type=\"container\">\n\t\t\t\t\t<div class=\"e-con-inner\">\n\t\t<div class=\"elementor-element elementor-element-b8efb6e e-con-full e-flex e-con e-child\" data-id=\"b8efb6e\" data-element_type=\"container\" data-e-type=\"container\" data-settings=\"{&quot;background_background&quot;:&quot;classic&quot;}\">\n\t\t\t\t<div class=\"elementor-element elementor-element-308c576 elementor-widget elementor-widget-image\" data-id=\"308c576\" data-element_type=\"widget\" data-e-type=\"widget\" data-widget_type=\"image.default\">\n\t\t\t\t<div class=\"elementor-widget-container\">\n\t\t\t\t\t\t\t\t\t\t\t\t\t\t\t<img fetchpriority=\"high\" decoding=\"async\" width=\"801\" height=\"1024\" src=\"https:\/\/graboestilord.com\/wp-content\/uploads\/2025\/01\/Catalogo-San-valenti-2025-PREMIUM_Mesa-de-trabajo-1-801x1024.png\" class=\"attachment-large size-large wp-image-6214\" alt=\"\" srcset=\"https:\/\/graboestilord.com\/wp-content\/uploads\/2025\/01\/Catalogo-San-valenti-2025-PREMIUM_Mesa-de-trabajo-1-801x1024.png 801w, https:\/\/graboestilord.com\/wp-content\/uploads\/2025\/01\/Catalogo-San-valenti-2025-PREMIUM_Mesa-de-trabajo-1-235x300.png 235w, https:\/\/graboestilord.com\/wp-content\/uploads\/2025\/01\/Catalogo-San-valenti-2025-PREMIUM_Mesa-de-trabajo-1-768x981.png 768w, https:\/\/graboestilord.com\/wp-content\/uploads\/2025\/01\/Catalogo-San-valenti-2025-PREMIUM_Mesa-de-trabajo-1-1202x1536.png 1202w, https:\/\/graboestilord.com\/wp-content\/uploads\/2025\/01\/Catalogo-San-valenti-2025-PREMIUM_Mesa-de-trabajo-1-1603x2048.png 1603w, https:\/\/graboestilord.com\/wp-content\/uploads\/2025\/01\/Catalogo-San-valenti-2025-PREMIUM_Mesa-de-trabajo-1-600x767.png 600w\" sizes=\"(max-width: 801px) 100vw, 801px\" \/>\t\t\t\t\t\t\t\t\t\t\t\t\t\t\t<\/div>\n\t\t\t\t<\/div>\n\t\t\t\t<div class=\"elementor-element elementor-element-8b41960 elementor-widget elementor-widget-heading\" data-id=\"8b41960\" data-element_type=\"widget\" data-e-type=\"widget\" data-widget_type=\"heading.default\">\n\t\t\t\t<div class=\"elementor-widget-container\">\n\t\t\t\t\t<h4 class=\"elementor-heading-title elementor-size-default\">Cat\u00e1logo de Regalos \nPara San Valentin<\/h4>\t\t\t\t<\/div>\n\t\t\t\t<\/div>\n\t\t\t\t<div class=\"elementor-element elementor-element-a6d6383 elementor-align-center elementor-widget elementor-widget-button\" data-id=\"a6d6383\" data-element_type=\"widget\" data-e-type=\"widget\" data-widget_type=\"button.default\">\n\t\t\t\t<div class=\"elementor-widget-container\">\n\t\t\t\t\t\t\t\t\t<div class=\"elementor-button-wrapper\">\n\t\t\t\t\t<a class=\"elementor-button elementor-button-link elementor-size-sm\" href=\"http:\/\/graboestilord.com\/wp-content\/uploads\/2025\/01\/Catalogo-San-valenti-2025-PREMIUM-1.pdf\" target=\"_blank\">\n\t\t\t\t\t\t<span class=\"elementor-button-content-wrapper\">\n\t\t\t\t\t\t\t\t\t<span class=\"elementor-button-text\">Ver Cat\u00e1logo<\/span>\n\t\t\t\t\t<\/span>\n\t\t\t\t\t<\/a>\n\t\t\t\t<\/div>\n\t\t\t\t\t\t\t\t<\/div>\n\t\t\t\t<\/div>\n\t\t\t\t<\/div>\n\t\t<div class=\"elementor-element elementor-element-94a61f7 e-con-full e-flex e-con e-child\" data-id=\"94a61f7\" data-element_type=\"container\" data-e-type=\"container\" data-settings=\"{&quot;background_background&quot;:&quot;classic&quot;}\">\n\t\t\t\t<div class=\"elementor-element elementor-element-dd69abd elementor-widget elementor-widget-image\" data-id=\"dd69abd\" data-element_type=\"widget\" data-e-type=\"widget\" data-widget_type=\"image.default\">\n\t\t\t\t<div class=\"elementor-widget-container\">\n\t\t\t\t\t\t\t\t\t\t\t\t\t\t\t<img decoding=\"async\" width=\"791\" height=\"1024\" src=\"https:\/\/graboestilord.com\/wp-content\/uploads\/2025\/01\/Catalogo-San-valenti-2025-PROMOCIONAL-01-791x1024.png\" class=\"attachment-large size-large wp-image-6215\" alt=\"\" srcset=\"https:\/\/graboestilord.com\/wp-content\/uploads\/2025\/01\/Catalogo-San-valenti-2025-PROMOCIONAL-01-791x1024.png 791w, https:\/\/graboestilord.com\/wp-content\/uploads\/2025\/01\/Catalogo-San-valenti-2025-PROMOCIONAL-01-232x300.png 232w, https:\/\/graboestilord.com\/wp-content\/uploads\/2025\/01\/Catalogo-San-valenti-2025-PROMOCIONAL-01-768x994.png 768w, https:\/\/graboestilord.com\/wp-content\/uploads\/2025\/01\/Catalogo-San-valenti-2025-PROMOCIONAL-01-1187x1536.png 1187w, https:\/\/graboestilord.com\/wp-content\/uploads\/2025\/01\/Catalogo-San-valenti-2025-PROMOCIONAL-01-1583x2048.png 1583w, https:\/\/graboestilord.com\/wp-content\/uploads\/2025\/01\/Catalogo-San-valenti-2025-PROMOCIONAL-01-600x776.png 600w\" sizes=\"(max-width: 791px) 100vw, 791px\" \/>\t\t\t\t\t\t\t\t\t\t\t\t\t\t\t<\/div>\n\t\t\t\t<\/div>\n\t\t\t\t<div class=\"elementor-element elementor-element-419f881 elementor-widget elementor-widget-heading\" data-id=\"419f881\" data-element_type=\"widget\" data-e-type=\"widget\" data-widget_type=\"heading.default\">\n\t\t\t\t<div class=\"elementor-widget-container\">\n\t\t\t\t\t<h4 class=\"elementor-heading-title elementor-size-default\">Cat\u00e1logo San Valentin <\/h4>\t\t\t\t<\/div>\n\t\t\t\t<\/div>\n\t\t\t\t<div class=\"elementor-element elementor-element-84c1f83 elementor-align-center elementor-widget elementor-widget-button\" data-id=\"84c1f83\" data-element_type=\"widget\" data-e-type=\"widget\" data-widget_type=\"button.default\">\n\t\t\t\t<div class=\"elementor-widget-container\">\n\t\t\t\t\t\t\t\t\t<div class=\"elementor-button-wrapper\">\n\t\t\t\t\t<a class=\"elementor-button elementor-button-link elementor-size-sm\" href=\"http:\/\/graboestilord.com\/wp-content\/uploads\/2025\/01\/Catalogo-San-valenti-2025-PROMOCIONAL.pdf\" target=\"_blank\">\n\t\t\t\t\t\t<span class=\"elementor-button-content-wrapper\">\n\t\t\t\t\t\t\t\t\t<span class=\"elementor-button-text\">Ver Cat\u00e1logo<\/span>\n\t\t\t\t\t<\/span>\n\t\t\t\t\t<\/a>\n\t\t\t\t<\/div>\n\t\t\t\t\t\t\t\t<\/div>\n\t\t\t\t<\/div>\n\t\t\t\t<\/div>\n\t\t<div class=\"elementor-element elementor-element-33020be e-con-full e-flex e-con e-child\" data-id=\"33020be\" data-element_type=\"container\" data-e-type=\"container\">\n\t\t\t\t<div class=\"elementor-element elementor-element-426829e elementor-widget elementor-widget-image\" data-id=\"426829e\" data-element_type=\"widget\" data-e-type=\"widget\" data-widget_type=\"image.default\">\n\t\t\t\t<div class=\"elementor-widget-container\">\n\t\t\t\t\t\t\t\t\t\t\t\t\t\t\t<img decoding=\"async\" src=\"http:\/\/graboestilord.com\/wp-content\/uploads\/2025\/01\/Carnaval-01.png\" title=\"\" alt=\"\" loading=\"lazy\" \/>\t\t\t\t\t\t\t\t\t\t\t\t\t\t\t<\/div>\n\t\t\t\t<\/div>\n\t\t\t\t<div class=\"elementor-element elementor-element-bd836f9 elementor-widget elementor-widget-heading\" data-id=\"bd836f9\" data-element_type=\"widget\" data-e-type=\"widget\" data-widget_type=\"heading.default\">\n\t\t\t\t<div class=\"elementor-widget-container\">\n\t\t\t\t\t<h4 class=\"elementor-heading-title elementor-size-default\">Cat\u00e1logo Carnaval 2025<\/h4>\t\t\t\t<\/div>\n\t\t\t\t<\/div>\n\t\t\t\t<div class=\"elementor-element elementor-element-ade90aa elementor-align-center elementor-widget elementor-widget-button\" data-id=\"ade90aa\" data-element_type=\"widget\" data-e-type=\"widget\" data-widget_type=\"button.default\">\n\t\t\t\t<div class=\"elementor-widget-container\">\n\t\t\t\t\t\t\t\t\t<div class=\"elementor-button-wrapper\">\n\t\t\t\t\t<a class=\"elementor-button elementor-button-link elementor-size-sm\" href=\"http:\/\/graboestilord.com\/wp-content\/uploads\/2025\/01\/Carnaval.pdf\" target=\"_blank\">\n\t\t\t\t\t\t<span class=\"elementor-button-content-wrapper\">\n\t\t\t\t\t\t\t\t\t<span class=\"elementor-button-text\">Ver Cat\u00e1logo<\/span>\n\t\t\t\t\t<\/span>\n\t\t\t\t\t<\/a>\n\t\t\t\t<\/div>\n\t\t\t\t\t\t\t\t<\/div>\n\t\t\t\t<\/div>\n\t\t\t\t<\/div>\n\t\t<div class=\"elementor-element elementor-element-434742a e-con-full e-flex e-con e-child\" data-id=\"434742a\" data-element_type=\"container\" data-e-type=\"container\" data-settings=\"{&quot;background_background&quot;:&quot;classic&quot;}\">\n\t\t\t\t<div class=\"elementor-element elementor-element-90d41af elementor-widget elementor-widget-image\" data-id=\"90d41af\" data-element_type=\"widget\" data-e-type=\"widget\" data-widget_type=\"image.default\">\n\t\t\t\t<div class=\"elementor-widget-container\">\n\t\t\t\t\t\t\t\t\t\t\t\t\t\t\t<img decoding=\"async\" width=\"801\" height=\"1024\" src=\"https:\/\/graboestilord.com\/wp-content\/uploads\/2025\/02\/Catalogo-de-independencia-801x1024.png\" class=\"attachment-large size-large wp-image-6335\" alt=\"\" srcset=\"https:\/\/graboestilord.com\/wp-content\/uploads\/2025\/02\/Catalogo-de-independencia-801x1024.png 801w, https:\/\/graboestilord.com\/wp-content\/uploads\/2025\/02\/Catalogo-de-independencia-235x300.png 235w, https:\/\/graboestilord.com\/wp-content\/uploads\/2025\/02\/Catalogo-de-independencia-768x981.png 768w, https:\/\/graboestilord.com\/wp-content\/uploads\/2025\/02\/Catalogo-de-independencia-1202x1536.png 1202w, https:\/\/graboestilord.com\/wp-content\/uploads\/2025\/02\/Catalogo-de-independencia-1603x2048.png 1603w, https:\/\/graboestilord.com\/wp-content\/uploads\/2025\/02\/Catalogo-de-independencia-600x767.png 600w\" sizes=\"(max-width: 801px) 100vw, 801px\" \/>\t\t\t\t\t\t\t\t\t\t\t\t\t\t\t<\/div>\n\t\t\t\t<\/div>\n\t\t\t\t<div class=\"elementor-element elementor-element-59f6951 elementor-widget elementor-widget-heading\" data-id=\"59f6951\" data-element_type=\"widget\" data-e-type=\"widget\" data-widget_type=\"heading.default\">\n\t\t\t\t<div class=\"elementor-widget-container\">\n\t\t\t\t\t<h4 class=\"elementor-heading-title elementor-size-default\">Cat\u00e1logo dia de la independencia<\/h4>\t\t\t\t<\/div>\n\t\t\t\t<\/div>\n\t\t\t\t<div class=\"elementor-element elementor-element-4441a31 elementor-align-center elementor-widget elementor-widget-button\" data-id=\"4441a31\" data-element_type=\"widget\" data-e-type=\"widget\" data-widget_type=\"button.default\">\n\t\t\t\t<div class=\"elementor-widget-container\">\n\t\t\t\t\t\t\t\t\t<div class=\"elementor-button-wrapper\">\n\t\t\t\t\t<a class=\"elementor-button elementor-button-link elementor-size-sm\" href=\"http:\/\/graboestilord.com\/wp-content\/uploads\/2025\/02\/Catalogo-de-independencia-.pdf\" target=\"_blank\">\n\t\t\t\t\t\t<span class=\"elementor-button-content-wrapper\">\n\t\t\t\t\t\t\t\t\t<span class=\"elementor-button-text\">Ver Cat\u00e1logo<\/span>\n\t\t\t\t\t<\/span>\n\t\t\t\t\t<\/a>\n\t\t\t\t<\/div>\n\t\t\t\t\t\t\t\t<\/div>\n\t\t\t\t<\/div>\n\t\t\t\t<\/div>\n\t\t\t\t\t<\/div>\n\t\t\t\t<\/div>\n\t\t\t\t<\/div>\n\t\t","protected":false},"excerpt":{"rendered":"<p>CAT\u00c1LOGOS DE Ofertas de Temporada Cat\u00e1logo de Regalos Para San Valentin Ver Cat\u00e1logo Cat\u00e1logo San Valentin Ver Cat\u00e1logo Cat\u00e1logo Carnaval 2025 Ver Cat\u00e1logo Cat\u00e1logo dia de la independencia Ver Cat\u00e1logo<\/p>\n","protected":false},"author":1,"featured_media":0,"parent":0,"menu_order":0,"comment_status":"closed","ping_status":"closed","template":"","meta":{"_acf_changed":false,"_monsterinsights_skip_tracking":false,"_monsterinsights_sitenote_active":false,"_monsterinsights_sitenote_note":"","_monsterinsights_sitenote_category":0,"_uf_show_specific_survey":0,"_uf_disable_surveys":false,"site-sidebar-layout":"no-sidebar","site-content-layout":"","ast-site-content-layout":"full-width-container","site-content-style":"default","site-sidebar-style":"default","ast-global-header-display":"","ast-banner-title-visibility":"","ast-main-header-display":"","ast-hfb-above-header-display":"","ast-hfb-below-header-display":"","ast-hfb-mobile-header-display":"","site-post-title":"disabled","ast-breadcrumbs-content":"","ast-featured-img":"disabled","footer-sml-layout":"","ast-disable-related-posts":"","theme-transparent-header-meta":"","adv-header-id-meta":"","stick-header-meta":"","header-above-stick-meta":"","header-main-stick-meta":"","header-below-stick-meta":"","astra-migrate-meta-layouts":"default","ast-page-background-enabled":"default","ast-page-background-meta":{"desktop":{"background-color":"var(--ast-global-color-4)","background-image":"","background-repeat":"repeat","background-position":"center center","background-size":"auto","background-attachment":"scroll","background-type":"","background-media":"","overlay-type":"","overlay-color":"","overlay-opacity":"","overlay-gradient":""},"tablet":{"background-color":"","background-image":"","background-repeat":"repeat","background-position":"center center","background-size":"auto","background-attachment":"scroll","background-type":"","background-media":"","overlay-type":"","overlay-color":"","overlay-opacity":"","overlay-gradient":""},"mobile":{"background-color":"","background-image":"","background-repeat":"repeat","background-position":"center center","background-size":"auto","background-attachment":"scroll","background-type":"","background-media":"","overlay-type":"","overlay-color":"","overlay-opacity":"","overlay-gradient":""}},"ast-content-background-meta":{"desktop":{"background-color":"var(--ast-global-color-5)","background-image":"","background-repeat":"repeat","background-position":"center center","background-size":"auto","background-attachment":"scroll","background-type":"","background-media":"","overlay-type":"","overlay-color":"","overlay-opacity":"","overlay-gradient":""},"tablet":{"background-color":"var(--ast-global-color-5)","background-image":"","background-repeat":"repeat","background-position":"center center","background-size":"auto","background-attachment":"scroll","background-type":"","background-media":"","overlay-type":"","overlay-color":"","overlay-opacity":"","overlay-gradient":""},"mobile":{"background-color":"var(--ast-global-color-5)","background-image":"","background-repeat":"repeat","background-position":"center center","background-size":"auto","background-attachment":"scroll","background-type":"","background-media":"","overlay-type":"","overlay-color":"","overlay-opacity":"","overlay-gradient":""}},"_joinchat":[],"footnotes":""},"class_list":["post-5363","page","type-page","status-publish","hentry"],"acf":[],"aioseo_notices":[],"_links":{"self":[{"href":"https:\/\/graboestilord.com\/index.php\/wp-json\/wp\/v2\/pages\/5363","targetHints":{"allow":["GET"]}}],"collection":[{"href":"https:\/\/graboestilord.com\/index.php\/wp-json\/wp\/v2\/pages"}],"about":[{"href":"https:\/\/graboestilord.com\/index.php\/wp-json\/wp\/v2\/types\/page"}],"author":[{"embeddable":true,"href":"https:\/\/graboestilord.com\/index.php\/wp-json\/wp\/v2\/users\/1"}],"replies":[{"embeddable":true,"href":"https:\/\/graboestilord.com\/index.php\/wp-json\/wp\/v2\/comments?post=5363"}],"version-history":[{"count":22,"href":"https:\/\/graboestilord.com\/index.php\/wp-json\/wp\/v2\/pages\/5363\/revisions"}],"predecessor-version":[{"id":6345,"href":"https:\/\/graboestilord.com\/index.php\/wp-json\/wp\/v2\/pages\/5363\/revisions\/6345"}],"wp:attachment":[{"href":"https:\/\/graboestilord.com\/index.php\/wp-json\/wp\/v2\/media?parent=5363"}],"curies":[{"name":"wp","href":"https:\/\/api.w.org\/{rel}","templated":true}]}}