{"id":5337,"date":"2024-09-04T14:39:46","date_gmt":"2024-09-04T14:39:46","guid":{"rendered":"https:\/\/graboestilord.com\/?page_id=5337"},"modified":"2025-02-06T17:31:19","modified_gmt":"2025-02-06T17:31:19","slug":"uniformes","status":"publish","type":"page","link":"https:\/\/graboestilord.com\/index.php\/uniformes\/","title":{"rendered":"Uniformes"},"content":{"rendered":"\t\t<div data-elementor-type=\"wp-page\" data-elementor-id=\"5337\" class=\"elementor elementor-5337\" data-elementor-post-type=\"page\">\n\t\t\t\t<div class=\"elementor-element elementor-element-3770623 e-flex e-con-boxed e-con e-parent\" data-id=\"3770623\" data-element_type=\"container\" data-e-type=\"container\">\n\t\t\t\t\t<div class=\"e-con-inner\">\n\t\t<div class=\"elementor-element elementor-element-2c2d66d e-con-full e-flex e-con e-child\" data-id=\"2c2d66d\" data-element_type=\"container\" data-e-type=\"container\">\n\t\t\t\t<div class=\"elementor-element elementor-element-3ac7b60 elementor-widget elementor-widget-image\" data-id=\"3ac7b60\" data-element_type=\"widget\" data-e-type=\"widget\" data-widget_type=\"image.default\">\n\t\t\t\t<div class=\"elementor-widget-container\">\n\t\t\t\t\t\t\t\t\t\t\t\t\t\t\t<img fetchpriority=\"high\" decoding=\"async\" width=\"801\" height=\"1024\" src=\"https:\/\/graboestilord.com\/wp-content\/uploads\/2024\/07\/Catalogo-textil-portada_Mesa-de-trabajo-1-801x1024.jpg\" class=\"attachment-large size-large wp-image-4970\" alt=\"\" srcset=\"https:\/\/graboestilord.com\/wp-content\/uploads\/2024\/07\/Catalogo-textil-portada_Mesa-de-trabajo-1-801x1024.jpg 801w, https:\/\/graboestilord.com\/wp-content\/uploads\/2024\/07\/Catalogo-textil-portada_Mesa-de-trabajo-1-235x300.jpg 235w, https:\/\/graboestilord.com\/wp-content\/uploads\/2024\/07\/Catalogo-textil-portada_Mesa-de-trabajo-1-768x981.jpg 768w, https:\/\/graboestilord.com\/wp-content\/uploads\/2024\/07\/Catalogo-textil-portada_Mesa-de-trabajo-1-1202x1536.jpg 1202w, https:\/\/graboestilord.com\/wp-content\/uploads\/2024\/07\/Catalogo-textil-portada_Mesa-de-trabajo-1-1603x2048.jpg 1603w, https:\/\/graboestilord.com\/wp-content\/uploads\/2024\/07\/Catalogo-textil-portada_Mesa-de-trabajo-1-600x767.jpg 600w, https:\/\/graboestilord.com\/wp-content\/uploads\/2024\/07\/Catalogo-textil-portada_Mesa-de-trabajo-1-scaled.jpg 2003w\" sizes=\"(max-width: 801px) 100vw, 801px\" \/>\t\t\t\t\t\t\t\t\t\t\t\t\t\t\t<\/div>\n\t\t\t\t<\/div>\n\t\t\t\t<div class=\"elementor-element elementor-element-0630ab8 elementor-widget elementor-widget-heading\" data-id=\"0630ab8\" data-element_type=\"widget\" data-e-type=\"widget\" data-widget_type=\"heading.default\">\n\t\t\t\t<div class=\"elementor-widget-container\">\n\t\t\t\t\t<h4 class=\"elementor-heading-title elementor-size-default\">Cat\u00e1logo Textil<\/h4>\t\t\t\t<\/div>\n\t\t\t\t<\/div>\n\t\t\t\t<div class=\"elementor-element elementor-element-92ae4f5 elementor-align-center elementor-widget elementor-widget-button\" data-id=\"92ae4f5\" data-element_type=\"widget\" data-e-type=\"widget\" data-widget_type=\"button.default\">\n\t\t\t\t<div class=\"elementor-widget-container\">\n\t\t\t\t\t\t\t\t\t<div class=\"elementor-button-wrapper\">\n\t\t\t\t\t<a class=\"elementor-button elementor-button-link elementor-size-sm\" href=\"http:\/\/graboestilord.com\/wp-content\/uploads\/2024\/07\/Catalogo-textil-terminado-version2.pdf\" target=\"_blank\">\n\t\t\t\t\t\t<span class=\"elementor-button-content-wrapper\">\n\t\t\t\t\t\t\t\t\t<span class=\"elementor-button-text\">Ver Cat\u00e1logo<\/span>\n\t\t\t\t\t<\/span>\n\t\t\t\t\t<\/a>\n\t\t\t\t<\/div>\n\t\t\t\t\t\t\t\t<\/div>\n\t\t\t\t<\/div>\n\t\t\t\t<\/div>\n\t\t<div class=\"elementor-element elementor-element-99bc170 e-con-full e-flex e-con e-child\" data-id=\"99bc170\" data-element_type=\"container\" data-e-type=\"container\">\n\t\t\t\t<div class=\"elementor-element elementor-element-868fe86 elementor-widget elementor-widget-image\" data-id=\"868fe86\" data-element_type=\"widget\" data-e-type=\"widget\" data-widget_type=\"image.default\">\n\t\t\t\t<div class=\"elementor-widget-container\">\n\t\t\t\t\t\t\t\t\t\t\t\t\t\t\t<img decoding=\"async\" width=\"724\" height=\"1024\" src=\"https:\/\/graboestilord.com\/wp-content\/uploads\/2023\/11\/Catalogo-de-Productos-y-Servicios-Velilla-2024-01-724x1024.jpg\" class=\"attachment-large size-large wp-image-424\" alt=\"\" srcset=\"https:\/\/graboestilord.com\/wp-content\/uploads\/2023\/11\/Catalogo-de-Productos-y-Servicios-Velilla-2024-01-724x1024.jpg 724w, https:\/\/graboestilord.com\/wp-content\/uploads\/2023\/11\/Catalogo-de-Productos-y-Servicios-Velilla-2024-01-212x300.jpg 212w, https:\/\/graboestilord.com\/wp-content\/uploads\/2023\/11\/Catalogo-de-Productos-y-Servicios-Velilla-2024-01-768x1086.jpg 768w, https:\/\/graboestilord.com\/wp-content\/uploads\/2023\/11\/Catalogo-de-Productos-y-Servicios-Velilla-2024-01-1086x1536.jpg 1086w, https:\/\/graboestilord.com\/wp-content\/uploads\/2023\/11\/Catalogo-de-Productos-y-Servicios-Velilla-2024-01-1448x2048.jpg 1448w, https:\/\/graboestilord.com\/wp-content\/uploads\/2023\/11\/Catalogo-de-Productos-y-Servicios-Velilla-2024-01-600x848.jpg 600w, https:\/\/graboestilord.com\/wp-content\/uploads\/2023\/11\/Catalogo-de-Productos-y-Servicios-Velilla-2024-01-scaled.jpg 1811w\" sizes=\"(max-width: 724px) 100vw, 724px\" \/>\t\t\t\t\t\t\t\t\t\t\t\t\t\t\t<\/div>\n\t\t\t\t<\/div>\n\t\t\t\t<div class=\"elementor-element elementor-element-03a167f elementor-widget elementor-widget-heading\" data-id=\"03a167f\" data-element_type=\"widget\" data-e-type=\"widget\" data-widget_type=\"heading.default\">\n\t\t\t\t<div class=\"elementor-widget-container\">\n\t\t\t\t\t<h4 class=\"elementor-heading-title elementor-size-default\">Cat\u00e1logo Velilla<br>2024-2025<\/h4>\t\t\t\t<\/div>\n\t\t\t\t<\/div>\n\t\t\t\t<div class=\"elementor-element elementor-element-cd77249 elementor-align-center elementor-widget elementor-widget-button\" data-id=\"cd77249\" data-element_type=\"widget\" data-e-type=\"widget\" data-widget_type=\"button.default\">\n\t\t\t\t<div class=\"elementor-widget-container\">\n\t\t\t\t\t\t\t\t\t<div class=\"elementor-button-wrapper\">\n\t\t\t\t\t<a class=\"elementor-button elementor-button-link elementor-size-sm\" href=\"http:\/\/graboestilord.com\/wp-content\/uploads\/2024\/08\/Catalogo-de-Productos-y-Servicios-Velilla-2024_compressed.pdf\" target=\"_blank\">\n\t\t\t\t\t\t<span class=\"elementor-button-content-wrapper\">\n\t\t\t\t\t\t\t\t\t<span class=\"elementor-button-text\">Ver Cat\u00e1logo<\/span>\n\t\t\t\t\t<\/span>\n\t\t\t\t\t<\/a>\n\t\t\t\t<\/div>\n\t\t\t\t\t\t\t\t<\/div>\n\t\t\t\t<\/div>\n\t\t\t\t<\/div>\n\t\t<div class=\"elementor-element elementor-element-428bfaf e-con-full e-flex e-con e-child\" data-id=\"428bfaf\" data-element_type=\"container\" data-e-type=\"container\">\n\t\t\t\t<div class=\"elementor-element elementor-element-bc81740 elementor-widget elementor-widget-image\" data-id=\"bc81740\" data-element_type=\"widget\" data-e-type=\"widget\" data-widget_type=\"image.default\">\n\t\t\t\t<div class=\"elementor-widget-container\">\n\t\t\t\t\t\t\t\t\t\t\t\t\t\t\t<img decoding=\"async\" width=\"808\" height=\"1024\" src=\"https:\/\/graboestilord.com\/wp-content\/uploads\/2024\/05\/portada-01-808x1024.jpg\" class=\"attachment-large size-large wp-image-4798\" alt=\"\" srcset=\"https:\/\/graboestilord.com\/wp-content\/uploads\/2024\/05\/portada-01-808x1024.jpg 808w, https:\/\/graboestilord.com\/wp-content\/uploads\/2024\/05\/portada-01-237x300.jpg 237w, https:\/\/graboestilord.com\/wp-content\/uploads\/2024\/05\/portada-01-768x973.jpg 768w, https:\/\/graboestilord.com\/wp-content\/uploads\/2024\/05\/portada-01-1213x1536.jpg 1213w, https:\/\/graboestilord.com\/wp-content\/uploads\/2024\/05\/portada-01-1617x2048.jpg 1617w, https:\/\/graboestilord.com\/wp-content\/uploads\/2024\/05\/portada-01-600x760.jpg 600w, https:\/\/graboestilord.com\/wp-content\/uploads\/2024\/05\/portada-01-scaled.jpg 2021w\" sizes=\"(max-width: 808px) 100vw, 808px\" \/>\t\t\t\t\t\t\t\t\t\t\t\t\t\t\t<\/div>\n\t\t\t\t<\/div>\n\t\t\t\t<div class=\"elementor-element elementor-element-4914b36 elementor-widget elementor-widget-heading\" data-id=\"4914b36\" data-element_type=\"widget\" data-e-type=\"widget\" data-widget_type=\"heading.default\">\n\t\t\t\t<div class=\"elementor-widget-container\">\n\t\t\t\t\t<h4 class=\"elementor-heading-title elementor-size-default\">Linea Premium <br>Textiles Stormtech<\/h4>\t\t\t\t<\/div>\n\t\t\t\t<\/div>\n\t\t\t\t<div class=\"elementor-element elementor-element-4688096 elementor-align-center elementor-widget elementor-widget-button\" data-id=\"4688096\" data-element_type=\"widget\" data-e-type=\"widget\" data-widget_type=\"button.default\">\n\t\t\t\t<div class=\"elementor-widget-container\">\n\t\t\t\t\t\t\t\t\t<div class=\"elementor-button-wrapper\">\n\t\t\t\t\t<a class=\"elementor-button elementor-button-link elementor-size-sm\" href=\"http:\/\/graboestilord.com\/wp-content\/uploads\/2024\/05\/StormTech-Catalogo-1-1.pdf\" target=\"_blank\">\n\t\t\t\t\t\t<span class=\"elementor-button-content-wrapper\">\n\t\t\t\t\t\t\t\t\t<span class=\"elementor-button-text\">Ver Cat\u00e1logo<\/span>\n\t\t\t\t\t<\/span>\n\t\t\t\t\t<\/a>\n\t\t\t\t<\/div>\n\t\t\t\t\t\t\t\t<\/div>\n\t\t\t\t<\/div>\n\t\t\t\t<\/div>\n\t\t\t\t\t<\/div>\n\t\t\t\t<\/div>\n\t\t<div class=\"elementor-element elementor-element-f2ed0f6 e-flex e-con-boxed e-con e-parent\" data-id=\"f2ed0f6\" data-element_type=\"container\" data-e-type=\"container\">\n\t\t\t\t\t<div class=\"e-con-inner\">\n\t\t<div class=\"elementor-element elementor-element-b494c1a e-con-full e-flex e-con e-child\" data-id=\"b494c1a\" data-element_type=\"container\" data-e-type=\"container\">\n\t\t\t\t<div class=\"elementor-element elementor-element-581051e elementor-widget elementor-widget-image\" data-id=\"581051e\" data-element_type=\"widget\" data-e-type=\"widget\" data-widget_type=\"image.default\">\n\t\t\t\t<div class=\"elementor-widget-container\">\n\t\t\t\t\t\t\t\t\t\t\t\t\t\t\t<img loading=\"lazy\" decoding=\"async\" width=\"724\" height=\"1024\" src=\"https:\/\/graboestilord.com\/wp-content\/uploads\/2023\/11\/Catalogo-MUKUA-2023-ES-01-724x1024.jpg\" class=\"attachment-large size-large wp-image-429\" alt=\"\" srcset=\"https:\/\/graboestilord.com\/wp-content\/uploads\/2023\/11\/Catalogo-MUKUA-2023-ES-01-724x1024.jpg 724w, https:\/\/graboestilord.com\/wp-content\/uploads\/2023\/11\/Catalogo-MUKUA-2023-ES-01-212x300.jpg 212w, https:\/\/graboestilord.com\/wp-content\/uploads\/2023\/11\/Catalogo-MUKUA-2023-ES-01-768x1086.jpg 768w, https:\/\/graboestilord.com\/wp-content\/uploads\/2023\/11\/Catalogo-MUKUA-2023-ES-01-1086x1536.jpg 1086w, https:\/\/graboestilord.com\/wp-content\/uploads\/2023\/11\/Catalogo-MUKUA-2023-ES-01-1448x2048.jpg 1448w, https:\/\/graboestilord.com\/wp-content\/uploads\/2023\/11\/Catalogo-MUKUA-2023-ES-01-600x848.jpg 600w, https:\/\/graboestilord.com\/wp-content\/uploads\/2023\/11\/Catalogo-MUKUA-2023-ES-01-scaled.jpg 1811w\" sizes=\"(max-width: 724px) 100vw, 724px\" \/>\t\t\t\t\t\t\t\t\t\t\t\t\t\t\t<\/div>\n\t\t\t\t<\/div>\n\t\t\t\t<div class=\"elementor-element elementor-element-27e9a59 elementor-widget elementor-widget-heading\" data-id=\"27e9a59\" data-element_type=\"widget\" data-e-type=\"widget\" data-widget_type=\"heading.default\">\n\t\t\t\t<div class=\"elementor-widget-container\">\n\t\t\t\t\t<h4 class=\"elementor-heading-title elementor-size-default\">Uniformes Corporativos<\/h4>\t\t\t\t<\/div>\n\t\t\t\t<\/div>\n\t\t\t\t<div class=\"elementor-element elementor-element-131bced elementor-align-center elementor-widget elementor-widget-button\" data-id=\"131bced\" data-element_type=\"widget\" data-e-type=\"widget\" data-widget_type=\"button.default\">\n\t\t\t\t<div class=\"elementor-widget-container\">\n\t\t\t\t\t\t\t\t\t<div class=\"elementor-button-wrapper\">\n\t\t\t\t\t<a class=\"elementor-button elementor-button-link elementor-size-sm\" href=\"http:\/\/graboestilo.com\/wp-content\/uploads\/2023\/08\/Catalogo-MUKUA-2023-ES.pdf\" target=\"_blank\">\n\t\t\t\t\t\t<span class=\"elementor-button-content-wrapper\">\n\t\t\t\t\t\t\t\t\t<span class=\"elementor-button-text\">Ver Cat\u00e1logo<\/span>\n\t\t\t\t\t<\/span>\n\t\t\t\t\t<\/a>\n\t\t\t\t<\/div>\n\t\t\t\t\t\t\t\t<\/div>\n\t\t\t\t<\/div>\n\t\t\t\t<\/div>\n\t\t<div class=\"elementor-element elementor-element-4fd78e6 e-con-full e-flex e-con e-child\" data-id=\"4fd78e6\" data-element_type=\"container\" data-e-type=\"container\">\n\t\t\t\t<div class=\"elementor-element elementor-element-6449371 elementor-widget elementor-widget-image\" data-id=\"6449371\" data-element_type=\"widget\" data-e-type=\"widget\" data-widget_type=\"image.default\">\n\t\t\t\t<div class=\"elementor-widget-container\">\n\t\t\t\t\t\t\t\t\t\t\t\t\t\t\t<img loading=\"lazy\" decoding=\"async\" width=\"791\" height=\"1024\" src=\"https:\/\/graboestilord.com\/wp-content\/uploads\/2024\/07\/CATALOGO-DE-GORRAS_Mesa-de-trabajo-1-791x1024.jpg\" class=\"attachment-large size-large wp-image-4960\" alt=\"\" srcset=\"https:\/\/graboestilord.com\/wp-content\/uploads\/2024\/07\/CATALOGO-DE-GORRAS_Mesa-de-trabajo-1-791x1024.jpg 791w, https:\/\/graboestilord.com\/wp-content\/uploads\/2024\/07\/CATALOGO-DE-GORRAS_Mesa-de-trabajo-1-232x300.jpg 232w, https:\/\/graboestilord.com\/wp-content\/uploads\/2024\/07\/CATALOGO-DE-GORRAS_Mesa-de-trabajo-1-768x994.jpg 768w, https:\/\/graboestilord.com\/wp-content\/uploads\/2024\/07\/CATALOGO-DE-GORRAS_Mesa-de-trabajo-1-1187x1536.jpg 1187w, https:\/\/graboestilord.com\/wp-content\/uploads\/2024\/07\/CATALOGO-DE-GORRAS_Mesa-de-trabajo-1-1583x2048.jpg 1583w, https:\/\/graboestilord.com\/wp-content\/uploads\/2024\/07\/CATALOGO-DE-GORRAS_Mesa-de-trabajo-1-600x776.jpg 600w, https:\/\/graboestilord.com\/wp-content\/uploads\/2024\/07\/CATALOGO-DE-GORRAS_Mesa-de-trabajo-1-scaled.jpg 1978w\" sizes=\"(max-width: 791px) 100vw, 791px\" \/>\t\t\t\t\t\t\t\t\t\t\t\t\t\t\t<\/div>\n\t\t\t\t<\/div>\n\t\t\t\t<div class=\"elementor-element elementor-element-3212663 elementor-widget elementor-widget-heading\" data-id=\"3212663\" data-element_type=\"widget\" data-e-type=\"widget\" data-widget_type=\"heading.default\">\n\t\t\t\t<div class=\"elementor-widget-container\">\n\t\t\t\t\t<h4 class=\"elementor-heading-title elementor-size-default\">Cat\u00e1logo de Gorras<\/h4>\t\t\t\t<\/div>\n\t\t\t\t<\/div>\n\t\t\t\t<div class=\"elementor-element elementor-element-8ccaf1b elementor-align-center elementor-widget elementor-widget-button\" data-id=\"8ccaf1b\" data-element_type=\"widget\" data-e-type=\"widget\" data-widget_type=\"button.default\">\n\t\t\t\t<div class=\"elementor-widget-container\">\n\t\t\t\t\t\t\t\t\t<div class=\"elementor-button-wrapper\">\n\t\t\t\t\t<a class=\"elementor-button elementor-button-link elementor-size-sm\" href=\"http:\/\/graboestilord.com\/wp-content\/uploads\/2024\/07\/CATALOGO-DE-GORRAS.pdf\" target=\"_blank\">\n\t\t\t\t\t\t<span class=\"elementor-button-content-wrapper\">\n\t\t\t\t\t\t\t\t\t<span class=\"elementor-button-text\">Ver Cat\u00e1logo<\/span>\n\t\t\t\t\t<\/span>\n\t\t\t\t\t<\/a>\n\t\t\t\t<\/div>\n\t\t\t\t\t\t\t\t<\/div>\n\t\t\t\t<\/div>\n\t\t\t\t<\/div>\n\t\t<div class=\"elementor-element elementor-element-8e06a93 e-con-full e-flex e-con e-child\" data-id=\"8e06a93\" data-element_type=\"container\" data-e-type=\"container\">\n\t\t\t\t<div class=\"elementor-element elementor-element-bb51abc elementor-widget elementor-widget-image\" data-id=\"bb51abc\" data-element_type=\"widget\" data-e-type=\"widget\" data-widget_type=\"image.default\">\n\t\t\t\t<div class=\"elementor-widget-container\">\n\t\t\t\t\t\t\t\t\t\t\t\t\t\t\t<img loading=\"lazy\" decoding=\"async\" width=\"791\" height=\"1024\" src=\"https:\/\/graboestilord.com\/wp-content\/uploads\/2023\/11\/Catalogo-OA-Sportswear-01-791x1024.jpg\" class=\"attachment-large size-large wp-image-437\" alt=\"\" srcset=\"https:\/\/graboestilord.com\/wp-content\/uploads\/2023\/11\/Catalogo-OA-Sportswear-01-791x1024.jpg 791w, https:\/\/graboestilord.com\/wp-content\/uploads\/2023\/11\/Catalogo-OA-Sportswear-01-232x300.jpg 232w, https:\/\/graboestilord.com\/wp-content\/uploads\/2023\/11\/Catalogo-OA-Sportswear-01-768x994.jpg 768w, https:\/\/graboestilord.com\/wp-content\/uploads\/2023\/11\/Catalogo-OA-Sportswear-01-1187x1536.jpg 1187w, https:\/\/graboestilord.com\/wp-content\/uploads\/2023\/11\/Catalogo-OA-Sportswear-01-1583x2048.jpg 1583w, https:\/\/graboestilord.com\/wp-content\/uploads\/2023\/11\/Catalogo-OA-Sportswear-01-600x776.jpg 600w, https:\/\/graboestilord.com\/wp-content\/uploads\/2023\/11\/Catalogo-OA-Sportswear-01-scaled.jpg 1978w\" sizes=\"(max-width: 791px) 100vw, 791px\" \/>\t\t\t\t\t\t\t\t\t\t\t\t\t\t\t<\/div>\n\t\t\t\t<\/div>\n\t\t\t\t<div class=\"elementor-element elementor-element-9fd6275 elementor-widget elementor-widget-heading\" data-id=\"9fd6275\" data-element_type=\"widget\" data-e-type=\"widget\" data-widget_type=\"heading.default\">\n\t\t\t\t<div class=\"elementor-widget-container\">\n\t\t\t\t\t<h4 class=\"elementor-heading-title elementor-size-default\">Camisas Empresariales y de Aventura<\/h4>\t\t\t\t<\/div>\n\t\t\t\t<\/div>\n\t\t\t\t<div class=\"elementor-element elementor-element-38c34c3 elementor-align-center elementor-widget elementor-widget-button\" data-id=\"38c34c3\" data-element_type=\"widget\" data-e-type=\"widget\" data-widget_type=\"button.default\">\n\t\t\t\t<div class=\"elementor-widget-container\">\n\t\t\t\t\t\t\t\t\t<div class=\"elementor-button-wrapper\">\n\t\t\t\t\t<a class=\"elementor-button elementor-button-link elementor-size-sm\" href=\"http:\/\/graboestilo.com\/wp-content\/uploads\/2023\/08\/Catalogo-OA-Sportswear.pdf\" target=\"_blank\">\n\t\t\t\t\t\t<span class=\"elementor-button-content-wrapper\">\n\t\t\t\t\t\t\t\t\t<span class=\"elementor-button-text\">Ver Cat\u00e1logo<\/span>\n\t\t\t\t\t<\/span>\n\t\t\t\t\t<\/a>\n\t\t\t\t<\/div>\n\t\t\t\t\t\t\t\t<\/div>\n\t\t\t\t<\/div>\n\t\t\t\t<\/div>\n\t\t\t\t\t<\/div>\n\t\t\t\t<\/div>\n\t\t\t\t<\/div>\n\t\t","protected":false},"excerpt":{"rendered":"<p>Cat\u00e1logo Textil Ver Cat\u00e1logo Cat\u00e1logo Velilla2024-2025 Ver Cat\u00e1logo Linea Premium Textiles Stormtech Ver Cat\u00e1logo Uniformes Corporativos Ver Cat\u00e1logo Cat\u00e1logo de Gorras Ver Cat\u00e1logo Camisas Empresariales y de Aventura Ver Cat\u00e1logo<\/p>\n","protected":false},"author":1,"featured_media":0,"parent":0,"menu_order":0,"comment_status":"closed","ping_status":"closed","template":"","meta":{"_acf_changed":false,"_monsterinsights_skip_tracking":false,"_monsterinsights_sitenote_active":false,"_monsterinsights_sitenote_note":"","_monsterinsights_sitenote_category":0,"_uf_show_specific_survey":0,"_uf_disable_surveys":false,"site-sidebar-layout":"no-sidebar","site-content-layout":"","ast-site-content-layout":"full-width-container","site-content-style":"default","site-sidebar-style":"default","ast-global-header-display":"","ast-banner-title-visibility":"","ast-main-header-display":"","ast-hfb-above-header-display":"","ast-hfb-below-header-display":"","ast-hfb-mobile-header-display":"","site-post-title":"disabled","ast-breadcrumbs-content":"","ast-featured-img":"disabled","footer-sml-layout":"","ast-disable-related-posts":"","theme-transparent-header-meta":"","adv-header-id-meta":"","stick-header-meta":"","header-above-stick-meta":"","header-main-stick-meta":"","header-below-stick-meta":"","astra-migrate-meta-layouts":"default","ast-page-background-enabled":"default","ast-page-background-meta":{"desktop":{"background-color":"var(--ast-global-color-4)","background-image":"","background-repeat":"repeat","background-position":"center center","background-size":"auto","background-attachment":"scroll","background-type":"","background-media":"","overlay-type":"","overlay-color":"","overlay-opacity":"","overlay-gradient":""},"tablet":{"background-color":"","background-image":"","background-repeat":"repeat","background-position":"center center","background-size":"auto","background-attachment":"scroll","background-type":"","background-media":"","overlay-type":"","overlay-color":"","overlay-opacity":"","overlay-gradient":""},"mobile":{"background-color":"","background-image":"","background-repeat":"repeat","background-position":"center center","background-size":"auto","background-attachment":"scroll","background-type":"","background-media":"","overlay-type":"","overlay-color":"","overlay-opacity":"","overlay-gradient":""}},"ast-content-background-meta":{"desktop":{"background-color":"var(--ast-global-color-5)","background-image":"","background-repeat":"repeat","background-position":"center center","background-size":"auto","background-attachment":"scroll","background-type":"","background-media":"","overlay-type":"","overlay-color":"","overlay-opacity":"","overlay-gradient":""},"tablet":{"background-color":"var(--ast-global-color-5)","background-image":"","background-repeat":"repeat","background-position":"center center","background-size":"auto","background-attachment":"scroll","background-type":"","background-media":"","overlay-type":"","overlay-color":"","overlay-opacity":"","overlay-gradient":""},"mobile":{"background-color":"var(--ast-global-color-5)","background-image":"","background-repeat":"repeat","background-position":"center center","background-size":"auto","background-attachment":"scroll","background-type":"","background-media":"","overlay-type":"","overlay-color":"","overlay-opacity":"","overlay-gradient":""}},"_joinchat":[],"footnotes":""},"class_list":["post-5337","page","type-page","status-publish","hentry"],"acf":[],"aioseo_notices":[],"_links":{"self":[{"href":"https:\/\/graboestilord.com\/index.php\/wp-json\/wp\/v2\/pages\/5337","targetHints":{"allow":["GET"]}}],"collection":[{"href":"https:\/\/graboestilord.com\/index.php\/wp-json\/wp\/v2\/pages"}],"about":[{"href":"https:\/\/graboestilord.com\/index.php\/wp-json\/wp\/v2\/types\/page"}],"author":[{"embeddable":true,"href":"https:\/\/graboestilord.com\/index.php\/wp-json\/wp\/v2\/users\/1"}],"replies":[{"embeddable":true,"href":"https:\/\/graboestilord.com\/index.php\/wp-json\/wp\/v2\/comments?post=5337"}],"version-history":[{"count":22,"href":"https:\/\/graboestilord.com\/index.php\/wp-json\/wp\/v2\/pages\/5337\/revisions"}],"predecessor-version":[{"id":6349,"href":"https:\/\/graboestilord.com\/index.php\/wp-json\/wp\/v2\/pages\/5337\/revisions\/6349"}],"wp:attachment":[{"href":"https:\/\/graboestilord.com\/index.php\/wp-json\/wp\/v2\/media?parent=5337"}],"curies":[{"name":"wp","href":"https:\/\/api.w.org\/{rel}","templated":true}]}}